{"id":12077,"date":"2025-12-13T18:29:56","date_gmt":"2025-12-13T18:29:56","guid":{"rendered":"https:\/\/darvilais.md\/?post_type=product&#038;p=12077"},"modified":"2025-12-13T18:29:56","modified_gmt":"2025-12-13T18:29:56","slug":"hoco-hd-tempered-glass-iphone-12","status":"publish","type":"product","link":"https:\/\/darvilais.md\/ro\/produs\/hoco-hd-tempered-glass-iphone-12\/","title":{"rendered":"iPhone 12"},"content":{"rendered":"<h2><strong>Sticl\u0103 securizat\u0103 Hoco HD pentru iPhone 12<\/strong><\/h2>\n<ul>\n<li class=\"p1\"><strong>Culoare: negru<\/strong><\/li>\n<li class=\"p1\"><strong>Tip: sticl\u0103 de protec\u021bie 9H<\/strong><\/li>\n<li class=\"p1\"><strong>Compatibilitate: iPhone 12<\/strong><\/li>\n<li class=\"p1\"><strong>Material: sticl\u0103 securizat\u0103<\/strong><\/li>\n<li class=\"p1\"><strong>Caracteristici: Transparen\u021b\u0103 ridicat\u0103, acoperire oleofob\u0103, potrivire precis\u0103<\/strong><\/li>\n<li class=\"p1\"><strong>Include: sticl\u0103 de protec\u021bie<\/strong><\/li>\n<li class=\"p1\"><strong>Producator: Hoco<\/strong><\/li>\n<\/ul>","protected":false},"excerpt":{"rendered":"<p><strong><em>Sticla Hoco 9H, durabil\u0103 \u0219i transparent\u0103, ofer\u0103 o protec\u021bie fiabil\u0103 \u0219i o potrivire precis\u0103 pe ecranul iPhone 12.<\/em><\/strong><\/p>","protected":false},"featured_media":12079,"template":"","meta":{"_acf_changed":false},"product_brand":[286],"product_cat":[1409],"product_tag":[475,763,1411,1412],"class_list":{"0":"post-12077","1":"product","2":"type-product","3":"status-publish","4":"has-post-thumbnail","6":"product_brand-hoco","7":"product_cat-phone-glass","8":"product_tag-475","9":"product_tag-763","10":"product_tag-1411","11":"product_tag--9h","13":"first","14":"instock","15":"sale","16":"taxable","17":"shipping-taxable","18":"purchasable","19":"product-type-simple","20":"add-to-wishlist-after_add_to_cart"},"acf":[],"jetpack_sharing_enabled":true,"_links":{"self":[{"href":"https:\/\/darvilais.md\/ro\/wp-json\/wp\/v2\/product\/12077","targetHints":{"allow":["GET"]}}],"collection":[{"href":"https:\/\/darvilais.md\/ro\/wp-json\/wp\/v2\/product"}],"about":[{"href":"https:\/\/darvilais.md\/ro\/wp-json\/wp\/v2\/types\/product"}],"wp:featuredmedia":[{"embeddable":true,"href":"https:\/\/darvilais.md\/ro\/wp-json\/wp\/v2\/media\/12079"}],"wp:attachment":[{"href":"https:\/\/darvilais.md\/ro\/wp-json\/wp\/v2\/media?parent=12077"}],"wp:term":[{"taxonomy":"product_brand","embeddable":true,"href":"https:\/\/darvilais.md\/ro\/wp-json\/wp\/v2\/product_brand?post=12077"},{"taxonomy":"product_cat","embeddable":true,"href":"https:\/\/darvilais.md\/ro\/wp-json\/wp\/v2\/product_cat?post=12077"},{"taxonomy":"product_tag","embeddable":true,"href":"https:\/\/darvilais.md\/ro\/wp-json\/wp\/v2\/product_tag?post=12077"}],"curies":[{"name":"wp","href":"https:\/\/api.w.org\/{rel}","templated":true}]}}