{"id":11868,"date":"2025-12-08T14:56:32","date_gmt":"2025-12-08T14:56:32","guid":{"rendered":"https:\/\/darvilais.md\/?post_type=product&#038;p=11868"},"modified":"2025-12-08T14:56:32","modified_gmt":"2025-12-08T14:56:32","slug":"mietubl-privacy-glass-17-pro-max","status":"publish","type":"product","link":"https:\/\/darvilais.md\/ro\/produs\/mietubl-privacy-glass-17-pro-max\/","title":{"rendered":"Confiden\u021bialitate iPhone 17 Pro Max"},"content":{"rendered":"<h2><strong>Sticl\u0103 de confiden\u021bialitate Mietubl pentru iPhone 17 Pro Max<\/strong><\/h2>\n<ul>\n<li class=\"p1\"><strong>Culoare: negru<\/strong><\/li>\n<li class=\"p1\"><strong>Tip: sticl\u0103 de protec\u021bie 9H<\/strong><\/li>\n<li class=\"p1\"><strong>Compatibilitate: iPhone 17 Pro Max<\/strong><\/li>\n<li class=\"p1\"><strong>Material: sticl\u0103 securizat\u0103<\/strong><\/li>\n<li class=\"p1\"><strong>Caracteristici: Strat anti-spionaj, diminuare unghiular\u0103 a luminii, acoperire complet\u0103 a ecranului<\/strong><\/li>\n<li class=\"p1\"><strong>Include: sticl\u0103 de protec\u021bie<\/strong><\/li>\n<li class=\"p1\"><strong>Produc\u0103tor: Miet\u00fcbl<\/strong><\/li>\n<\/ul>","protected":false},"excerpt":{"rendered":"<p><em><strong>Protectorul de ecran anti-spionaj Mietubl 9H ascunde ecranul iPhone 17 Pro Max de privirile curio\u0219i \u0219i \u00eel protejeaz\u0103 \u00een mod fiabil.<\/strong><\/em><\/p>","protected":false},"featured_media":11872,"template":"","meta":{"_acf_changed":false},"product_brand":[795],"product_cat":[1409],"product_tag":[1415,763,1411,1412],"class_list":{"0":"post-11868","1":"product","2":"type-product","3":"status-publish","4":"has-post-thumbnail","6":"product_brand-mietubl","7":"product_cat-phone-glass","8":"product_tag-1415","9":"product_tag-763","10":"product_tag-1411","11":"product_tag--9h","13":"first","14":"instock","15":"taxable","16":"shipping-taxable","17":"purchasable","18":"product-type-simple","19":"add-to-wishlist-after_add_to_cart"},"acf":[],"jetpack_sharing_enabled":true,"_links":{"self":[{"href":"https:\/\/darvilais.md\/ro\/wp-json\/wp\/v2\/product\/11868","targetHints":{"allow":["GET"]}}],"collection":[{"href":"https:\/\/darvilais.md\/ro\/wp-json\/wp\/v2\/product"}],"about":[{"href":"https:\/\/darvilais.md\/ro\/wp-json\/wp\/v2\/types\/product"}],"wp:featuredmedia":[{"embeddable":true,"href":"https:\/\/darvilais.md\/ro\/wp-json\/wp\/v2\/media\/11872"}],"wp:attachment":[{"href":"https:\/\/darvilais.md\/ro\/wp-json\/wp\/v2\/media?parent=11868"}],"wp:term":[{"taxonomy":"product_brand","embeddable":true,"href":"https:\/\/darvilais.md\/ro\/wp-json\/wp\/v2\/product_brand?post=11868"},{"taxonomy":"product_cat","embeddable":true,"href":"https:\/\/darvilais.md\/ro\/wp-json\/wp\/v2\/product_cat?post=11868"},{"taxonomy":"product_tag","embeddable":true,"href":"https:\/\/darvilais.md\/ro\/wp-json\/wp\/v2\/product_tag?post=11868"}],"curies":[{"name":"wp","href":"https:\/\/api.w.org\/{rel}","templated":true}]}}