{"id":11775,"date":"2025-12-06T19:02:54","date_gmt":"2025-12-06T19:02:54","guid":{"rendered":"https:\/\/darvilais.md\/?post_type=product&#038;p=11775"},"modified":"2025-12-06T19:02:54","modified_gmt":"2025-12-06T19:02:54","slug":"waterproof-texture-tpu-case-samsung-s25-edge","status":"publish","type":"product","link":"https:\/\/darvilais.md\/ro\/produs\/waterproof-texture-tpu-case-samsung-s25-edge\/","title":{"rendered":"Samsung Galaxy S25 Edge"},"content":{"rendered":"<h2><strong>Carcas\u0103 TPU cu textur\u0103 impermeabil\u0103 pentru Samsung S25 Edge 5G<\/strong><\/h2>\n<ul>\n<li class=\"p1\"><strong>Culoare: transparent\u0103<\/strong><\/li>\n<li class=\"p1\"><strong>Tip: Suprapunere texturat\u0103 TPU<\/strong><\/li>\n<li class=\"p1\"><strong>Compatibilitate: Samsung Galaxy S25 Edge 5G<\/strong><\/li>\n<li class=\"p1\"><strong>Material: Termopoliuretan (TPU)<\/strong><\/li>\n<li class=\"p1\"><strong>Caracteristici: Suprafa\u021b\u0103 texturat\u0103, protec\u021bie pentru camer\u0103, corp flexibil, potrivire str\u00e2ns\u0103<\/strong><\/li>\n<li class=\"p1\"><strong>Pachetul include: carcas\u0103<\/strong><\/li>\n<li class=\"p1\"><strong>Produc\u0103tor: altul<\/strong><\/li>\n<\/ul>","protected":false},"excerpt":{"rendered":"<p><strong><em>O hus\u0103 TPU transparent\u0103 \u0219i texturat\u0103 pentru Samsung S25 Edge 5G. Prezint\u0103 un design flexibil, protec\u021bie pentru camer\u0103 \u0219i o fixare sigur\u0103.<\/em><\/strong><\/p>","protected":false},"featured_media":11776,"template":"","meta":{"_acf_changed":false},"product_brand":[364],"product_cat":[362],"product_tag":[1375,400,1329,410],"class_list":{"0":"post-11775","1":"product","2":"type-product","3":"status-publish","4":"has-post-thumbnail","6":"product_brand-364","7":"product_cat-phone-cases","8":"product_tag-1375","9":"product_tag-400","10":"product_tag--tpu","11":"product_tag-410","13":"first","14":"instock","15":"sale","16":"taxable","17":"shipping-taxable","18":"purchasable","19":"product-type-simple","20":"add-to-wishlist-after_add_to_cart"},"acf":[],"jetpack_sharing_enabled":true,"_links":{"self":[{"href":"https:\/\/darvilais.md\/ro\/wp-json\/wp\/v2\/product\/11775","targetHints":{"allow":["GET"]}}],"collection":[{"href":"https:\/\/darvilais.md\/ro\/wp-json\/wp\/v2\/product"}],"about":[{"href":"https:\/\/darvilais.md\/ro\/wp-json\/wp\/v2\/types\/product"}],"wp:featuredmedia":[{"embeddable":true,"href":"https:\/\/darvilais.md\/ro\/wp-json\/wp\/v2\/media\/11776"}],"wp:attachment":[{"href":"https:\/\/darvilais.md\/ro\/wp-json\/wp\/v2\/media?parent=11775"}],"wp:term":[{"taxonomy":"product_brand","embeddable":true,"href":"https:\/\/darvilais.md\/ro\/wp-json\/wp\/v2\/product_brand?post=11775"},{"taxonomy":"product_cat","embeddable":true,"href":"https:\/\/darvilais.md\/ro\/wp-json\/wp\/v2\/product_cat?post=11775"},{"taxonomy":"product_tag","embeddable":true,"href":"https:\/\/darvilais.md\/ro\/wp-json\/wp\/v2\/product_tag?post=11775"}],"curies":[{"name":"wp","href":"https:\/\/api.w.org\/{rel}","templated":true}]}}