{"id":11765,"date":"2025-12-06T18:26:56","date_gmt":"2025-12-06T18:26:56","guid":{"rendered":"https:\/\/darvilais.md\/?post_type=product&#038;p=11765"},"modified":"2025-12-06T18:26:56","modified_gmt":"2025-12-06T18:26:56","slug":"liquid-silicone-case-pinwuyo-samsung-s25-fe","status":"publish","type":"product","link":"https:\/\/darvilais.md\/ro\/produs\/liquid-silicone-case-pinwuyo-samsung-s25-fe\/","title":{"rendered":"Samsung Galaxy S25 FE"},"content":{"rendered":"<h2><strong>Carcas\u0103 PINWUYO Sense Series din silicon lichid TPU pentru Samsung S25 FE 5G<\/strong><\/h2>\n<ul>\n<li class=\"p1\"><strong>Culoare: negru<\/strong><\/li>\n<li class=\"p1\"><strong>Tip: Silicon lichid<\/strong><\/li>\n<li class=\"p1\"><strong>Compatibilitate: Samsung S25 FE 5G<\/strong><\/li>\n<li class=\"p1\"><strong>Material: silicon lichid + TPU<\/strong><\/li>\n<li class=\"p1\"><strong>Caracteristici: \u00eenveli\u0219 moale la atingere, protec\u021bie pentru camer\u0103, fixare perfect\u0103, antiderapant\u0103<\/strong><\/li>\n<li class=\"p1\"><strong>Pachetul include: carcas\u0103<\/strong><\/li>\n<li class=\"p1\"><strong>Produc\u0103tor: altul<\/strong><\/li>\n<\/ul>","protected":false},"excerpt":{"rendered":"<p><strong><em>Hus\u0103 PINWUYO din silicon lichid pentru Samsung S25 FE 5G, cu \u00eenveli\u0219 moale la atingere \u0219i protec\u021bie pentru camer\u0103.<\/em><\/strong><\/p>","protected":false},"featured_media":11768,"template":"","meta":{"_acf_changed":false},"product_brand":[364],"product_cat":[362],"product_tag":[1397,1393,400,390],"class_list":{"0":"post-11765","1":"product","2":"type-product","3":"status-publish","4":"has-post-thumbnail","6":"product_brand-364","7":"product_cat-phone-cases","8":"product_tag-soft-touch-","9":"product_tag-tpu-","10":"product_tag-400","11":"product_tag-390","13":"first","14":"instock","15":"sale","16":"taxable","17":"shipping-taxable","18":"purchasable","19":"product-type-simple","20":"add-to-wishlist-after_add_to_cart"},"acf":[],"jetpack_sharing_enabled":true,"_links":{"self":[{"href":"https:\/\/darvilais.md\/ro\/wp-json\/wp\/v2\/product\/11765","targetHints":{"allow":["GET"]}}],"collection":[{"href":"https:\/\/darvilais.md\/ro\/wp-json\/wp\/v2\/product"}],"about":[{"href":"https:\/\/darvilais.md\/ro\/wp-json\/wp\/v2\/types\/product"}],"wp:featuredmedia":[{"embeddable":true,"href":"https:\/\/darvilais.md\/ro\/wp-json\/wp\/v2\/media\/11768"}],"wp:attachment":[{"href":"https:\/\/darvilais.md\/ro\/wp-json\/wp\/v2\/media?parent=11765"}],"wp:term":[{"taxonomy":"product_brand","embeddable":true,"href":"https:\/\/darvilais.md\/ro\/wp-json\/wp\/v2\/product_brand?post=11765"},{"taxonomy":"product_cat","embeddable":true,"href":"https:\/\/darvilais.md\/ro\/wp-json\/wp\/v2\/product_cat?post=11765"},{"taxonomy":"product_tag","embeddable":true,"href":"https:\/\/darvilais.md\/ro\/wp-json\/wp\/v2\/product_tag?post=11765"}],"curies":[{"name":"wp","href":"https:\/\/api.w.org\/{rel}","templated":true}]}}