{"id":11760,"date":"2025-12-06T18:18:36","date_gmt":"2025-12-06T18:18:36","guid":{"rendered":"https:\/\/darvilais.md\/?post_type=product&#038;p=11760"},"modified":"2025-12-06T18:18:36","modified_gmt":"2025-12-06T18:18:36","slug":"magsafe-clear-acrylic-tpu-case-samsung-s25-fe","status":"publish","type":"product","link":"https:\/\/darvilais.md\/ro\/produs\/magsafe-clear-acrylic-tpu-case-samsung-s25-fe\/","title":{"rendered":"Samsung Galaxy S25 FE"},"content":{"rendered":"<h2><strong>Carcas\u0103 magnetic\u0103 acrilic\u0103 TPU MagSafe pentru Samsung S25 FE 5G<\/strong><\/h2>\n<ul>\n<li class=\"p1\"><strong>Culoare: transparent\u0103<\/strong><\/li>\n<li class=\"p1\"><strong>Tip: Carcas\u0103 hibrid\u0103 transparent\u0103 cu MagSafe<\/strong><\/li>\n<li class=\"p1\"><strong>Compatibilitate: Samsung S25 FE 5G<\/strong><\/li>\n<li class=\"p1\"><strong>Material: Acrilic + TPU<\/strong><\/li>\n<li class=\"p1\"><strong>Caracteristici: suport MagSafe, col\u021buri \u00eent\u0103rite, protec\u021bie camer\u0103, panou spate rigid<\/strong><\/li>\n<li class=\"p1\"><strong>Pachetul include: carcas\u0103<\/strong><\/li>\n<li class=\"p1\"><strong>Produc\u0103tor: altul<\/strong><\/li>\n<\/ul>","protected":false},"excerpt":{"rendered":"<p><strong><em>O hus\u0103 hibrid\u0103 transparent\u0103 MagSafe pentru Samsung S25 FE 5G, cu col\u021buri \u00eent\u0103rite \u0219i protec\u021bie groas\u0103 pentru camer\u0103.<\/em><\/strong><\/p>","protected":false},"featured_media":11764,"template":"","meta":{"_acf_changed":false},"product_brand":[364],"product_cat":[362],"product_tag":[380,1396,400,1302],"class_list":{"0":"post-11760","1":"product","2":"type-product","3":"status-publish","4":"has-post-thumbnail","6":"product_brand-364","7":"product_cat-phone-cases","8":"product_tag-magsafe-","9":"product_tag--tpu","10":"product_tag-400","11":"product_tag-1302","13":"first","14":"instock","15":"sale","16":"taxable","17":"shipping-taxable","18":"purchasable","19":"product-type-simple","20":"add-to-wishlist-after_add_to_cart"},"acf":[],"jetpack_sharing_enabled":true,"_links":{"self":[{"href":"https:\/\/darvilais.md\/ro\/wp-json\/wp\/v2\/product\/11760","targetHints":{"allow":["GET"]}}],"collection":[{"href":"https:\/\/darvilais.md\/ro\/wp-json\/wp\/v2\/product"}],"about":[{"href":"https:\/\/darvilais.md\/ro\/wp-json\/wp\/v2\/types\/product"}],"wp:featuredmedia":[{"embeddable":true,"href":"https:\/\/darvilais.md\/ro\/wp-json\/wp\/v2\/media\/11764"}],"wp:attachment":[{"href":"https:\/\/darvilais.md\/ro\/wp-json\/wp\/v2\/media?parent=11760"}],"wp:term":[{"taxonomy":"product_brand","embeddable":true,"href":"https:\/\/darvilais.md\/ro\/wp-json\/wp\/v2\/product_brand?post=11760"},{"taxonomy":"product_cat","embeddable":true,"href":"https:\/\/darvilais.md\/ro\/wp-json\/wp\/v2\/product_cat?post=11760"},{"taxonomy":"product_tag","embeddable":true,"href":"https:\/\/darvilais.md\/ro\/wp-json\/wp\/v2\/product_tag?post=11760"}],"curies":[{"name":"wp","href":"https:\/\/api.w.org\/{rel}","templated":true}]}}