{"id":11665,"date":"2025-12-05T20:49:28","date_gmt":"2025-12-05T20:49:28","guid":{"rendered":"https:\/\/darvilais.md\/?post_type=product&#038;p=11665"},"modified":"2025-12-05T20:49:29","modified_gmt":"2025-12-05T20:49:29","slug":"fibra-carbonite-magsafe-case-iphone-17-pro","status":"publish","type":"product","link":"https:\/\/darvilais.md\/ro\/produs\/fibra-carbonite-magsafe-case-iphone-17-pro\/","title":{"rendered":"iPhone 17 Pro"},"content":{"rendered":"<h2><strong>Carcas\u0103 FIBRA Carbonite Design MagSafe pentru iPhone 17 Pro<\/strong><\/h2>\n<ul>\n<li class=\"p1\"><strong>Culoare: model 1, model 2, model 3, model 4<\/strong><\/li>\n<li class=\"p1\"><strong>Tip: Carcas\u0103 rigid\u0103 cu MagSafe<\/strong><\/li>\n<li class=\"p1\"><strong>Compatibilitate: iPhone 17 Pro<\/strong><\/li>\n<li class=\"p1\"><strong>Material: PC cu textur\u0103 de carbon<\/strong><\/li>\n<li class=\"p1\"><strong>Caracteristici: MagSafe, protec\u021bie camer\u0103, carcas\u0103 rigid\u0103, design elegant<\/strong><\/li>\n<li class=\"p1\"><strong>Pachetul include: carcas\u0103<\/strong><\/li>\n<li class=\"p1\"><strong>Produc\u0103tor: altul<\/strong><\/li>\n<\/ul>","protected":false},"excerpt":{"rendered":"<p><em><strong>Hus\u0103 rigid\u0103 din fibr\u0103 de carbon FIBRA Carbonite cu MagSafe pentru iPhone 17 Pro. Construc\u021bie durabil\u0103, design elegant \u0219i protec\u021bie pentru camer\u0103.<\/strong><\/em><\/p>","protected":false},"featured_media":11666,"template":"","meta":{"_acf_changed":false},"product_brand":[364],"product_cat":[362],"product_tag":[1376,1379,1298,1334],"class_list":{"0":"post-11665","1":"product","2":"type-product","3":"status-publish","4":"has-post-thumbnail","6":"product_brand-364","7":"product_cat-phone-cases","8":"product_tag-magsafe-","9":"product_tag-1379","10":"product_tag-1298","11":"product_tag-1334","13":"first","14":"instock","15":"taxable","16":"shipping-taxable","17":"purchasable","18":"product-type-variable","19":"add-to-wishlist-after_add_to_cart"},"acf":[],"jetpack_sharing_enabled":true,"_links":{"self":[{"href":"https:\/\/darvilais.md\/ro\/wp-json\/wp\/v2\/product\/11665","targetHints":{"allow":["GET"]}}],"collection":[{"href":"https:\/\/darvilais.md\/ro\/wp-json\/wp\/v2\/product"}],"about":[{"href":"https:\/\/darvilais.md\/ro\/wp-json\/wp\/v2\/types\/product"}],"wp:featuredmedia":[{"embeddable":true,"href":"https:\/\/darvilais.md\/ro\/wp-json\/wp\/v2\/media\/11666"}],"wp:attachment":[{"href":"https:\/\/darvilais.md\/ro\/wp-json\/wp\/v2\/media?parent=11665"}],"wp:term":[{"taxonomy":"product_brand","embeddable":true,"href":"https:\/\/darvilais.md\/ro\/wp-json\/wp\/v2\/product_brand?post=11665"},{"taxonomy":"product_cat","embeddable":true,"href":"https:\/\/darvilais.md\/ro\/wp-json\/wp\/v2\/product_cat?post=11665"},{"taxonomy":"product_tag","embeddable":true,"href":"https:\/\/darvilais.md\/ro\/wp-json\/wp\/v2\/product_tag?post=11665"}],"curies":[{"name":"wp","href":"https:\/\/api.w.org\/{rel}","templated":true}]}}