{"id":11661,"date":"2025-12-05T20:31:47","date_gmt":"2025-12-05T20:31:47","guid":{"rendered":"https:\/\/darvilais.md\/?post_type=product&#038;p=11661"},"modified":"2025-12-05T20:31:47","modified_gmt":"2025-12-05T20:31:47","slug":"skin-feel-hybrid-magsafe-case-iphone-17-pro","status":"publish","type":"product","link":"https:\/\/darvilais.md\/ro\/produs\/skin-feel-hybrid-magsafe-case-iphone-17-pro\/","title":{"rendered":"iPhone 17 Pro"},"content":{"rendered":"<h2><strong>Carcas\u0103 hibrid\u0103 MagSafe din TPU cu finisaj Skin Feel pentru iPhone 17 Pro<\/strong><\/h2>\n<ul>\n<li class=\"p1\"><strong>Culoare: transparent\u0103<\/strong><\/li>\n<li class=\"p1\"><strong>Tip: Carcas\u0103 hibrid\u0103 cu MagSafe<\/strong><\/li>\n<li class=\"p1\"><strong>Compatibilitate: iPhone 17 Pro<\/strong><\/li>\n<li class=\"p1\"><strong>Material: TPU + PC<\/strong><\/li>\n<li class=\"p1\"><strong>Caracteristici: \u00cenveli\u0219 moale la atingere, protec\u021bie \u00eembun\u0103t\u0103\u021bit\u0103 a camerei, MagSafe, fixare perfect\u0103<\/strong><\/li>\n<li class=\"p1\"><strong>Pachetul include: carcas\u0103<\/strong><\/li>\n<li class=\"p1\"><strong>Produc\u0103tor: altul<\/strong><\/li>\n<\/ul>","protected":false},"excerpt":{"rendered":"<p><em><strong>Hus\u0103 MagSafe transparent\u0103, cu aspect de piele, pentru iPhone 17 Pro. Carcas\u0103 hibrid\u0103 din TPU \u0219i PC cu protec\u021bie pentru camer\u0103.<\/strong><\/em><\/p>","protected":false},"featured_media":11664,"template":"","meta":{"_acf_changed":false},"product_brand":[364],"product_cat":[362],"product_tag":[1381,374,400,1380],"class_list":{"0":"post-11661","1":"product","2":"type-product","3":"status-publish","4":"has-post-thumbnail","6":"product_brand-364","7":"product_cat-phone-cases","8":"product_tag-tpu-pc-","9":"product_tag-374","10":"product_tag-400","11":"product_tag--magsafe","13":"first","14":"instock","15":"sale","16":"taxable","17":"shipping-taxable","18":"purchasable","19":"product-type-simple","20":"add-to-wishlist-after_add_to_cart"},"acf":[],"jetpack_sharing_enabled":true,"_links":{"self":[{"href":"https:\/\/darvilais.md\/ro\/wp-json\/wp\/v2\/product\/11661","targetHints":{"allow":["GET"]}}],"collection":[{"href":"https:\/\/darvilais.md\/ro\/wp-json\/wp\/v2\/product"}],"about":[{"href":"https:\/\/darvilais.md\/ro\/wp-json\/wp\/v2\/types\/product"}],"wp:featuredmedia":[{"embeddable":true,"href":"https:\/\/darvilais.md\/ro\/wp-json\/wp\/v2\/media\/11664"}],"wp:attachment":[{"href":"https:\/\/darvilais.md\/ro\/wp-json\/wp\/v2\/media?parent=11661"}],"wp:term":[{"taxonomy":"product_brand","embeddable":true,"href":"https:\/\/darvilais.md\/ro\/wp-json\/wp\/v2\/product_brand?post=11661"},{"taxonomy":"product_cat","embeddable":true,"href":"https:\/\/darvilais.md\/ro\/wp-json\/wp\/v2\/product_cat?post=11661"},{"taxonomy":"product_tag","embeddable":true,"href":"https:\/\/darvilais.md\/ro\/wp-json\/wp\/v2\/product_tag?post=11661"}],"curies":[{"name":"wp","href":"https:\/\/api.w.org\/{rel}","templated":true}]}}