{"id":11610,"date":"2025-12-05T18:46:04","date_gmt":"2025-12-05T18:46:04","guid":{"rendered":"https:\/\/darvilais.md\/?post_type=product&#038;p=11610"},"modified":"2025-12-05T18:46:04","modified_gmt":"2025-12-05T18:46:04","slug":"brushed-carbon-tpu-case-honor-magic5-lite","status":"publish","type":"product","link":"https:\/\/darvilais.md\/ro\/produs\/brushed-carbon-tpu-case-honor-magic5-lite\/","title":{"rendered":"Honor Magic5 Lite"},"content":{"rendered":"<h2><strong>Carcas\u0103 TPU din fibr\u0103 de carbon cu textur\u0103 periat\u0103 pentru Honor Magic5 Lite<\/strong><\/h2>\n<ul>\n<li class=\"p1\"><strong>Culoare: negru, albastru<\/strong><\/li>\n<li class=\"p1\"><strong>Tip: tampon de protec\u021bie<\/strong><\/li>\n<li class=\"p1\"><strong>Compatibilitate: Honor Magic5 Lite<\/strong><\/li>\n<li class=\"p1\"><strong>Material: TPU cu textur\u0103 de carbon<\/strong><\/li>\n<li class=\"p1\"><strong>Caracteristici: Suprafa\u021b\u0103 antiderapant\u0103, protec\u021bie pentru camer\u0103, col\u021buri \u00eent\u0103rite<\/strong><\/li>\n<li class=\"p1\"><strong>Pachetul include: carcas\u0103<\/strong><\/li>\n<li class=\"p1\"><strong>Produc\u0103tor: altul<\/strong><\/li>\n<\/ul>","protected":false},"excerpt":{"rendered":"<p><strong><em>O hus\u0103 TPU durabil\u0103 din fibr\u0103 de carbon periat\u0103 pentru Honor Magic5 Lite. Ofer\u0103 protec\u021bie \u00eembun\u0103t\u0103\u021bit\u0103 a camerei, o textur\u0103 antiderapant\u0103 \u0219i o fixare sigur\u0103.<\/em><\/strong><\/p>","protected":false},"featured_media":11612,"template":"","meta":{"_acf_changed":false},"product_brand":[364],"product_cat":[362],"product_tag":[1372,1345,1340,1332],"class_list":{"0":"post-11610","1":"product","2":"type-product","3":"status-publish","4":"has-post-thumbnail","6":"product_brand-364","7":"product_cat-phone-cases","8":"product_tag-tpu-","9":"product_tag-1345","10":"product_tag-1340","11":"product_tag-1332","13":"first","14":"instock","15":"taxable","16":"shipping-taxable","17":"purchasable","18":"product-type-variable","19":"add-to-wishlist-after_add_to_cart"},"acf":[],"jetpack_sharing_enabled":true,"_links":{"self":[{"href":"https:\/\/darvilais.md\/ro\/wp-json\/wp\/v2\/product\/11610","targetHints":{"allow":["GET"]}}],"collection":[{"href":"https:\/\/darvilais.md\/ro\/wp-json\/wp\/v2\/product"}],"about":[{"href":"https:\/\/darvilais.md\/ro\/wp-json\/wp\/v2\/types\/product"}],"wp:featuredmedia":[{"embeddable":true,"href":"https:\/\/darvilais.md\/ro\/wp-json\/wp\/v2\/media\/11612"}],"wp:attachment":[{"href":"https:\/\/darvilais.md\/ro\/wp-json\/wp\/v2\/media?parent=11610"}],"wp:term":[{"taxonomy":"product_brand","embeddable":true,"href":"https:\/\/darvilais.md\/ro\/wp-json\/wp\/v2\/product_brand?post=11610"},{"taxonomy":"product_cat","embeddable":true,"href":"https:\/\/darvilais.md\/ro\/wp-json\/wp\/v2\/product_cat?post=11610"},{"taxonomy":"product_tag","embeddable":true,"href":"https:\/\/darvilais.md\/ro\/wp-json\/wp\/v2\/product_tag?post=11610"}],"curies":[{"name":"wp","href":"https:\/\/api.w.org\/{rel}","templated":true}]}}