{"id":11606,"date":"2025-12-05T18:23:39","date_gmt":"2025-12-05T18:23:39","guid":{"rendered":"https:\/\/darvilais.md\/?post_type=product&#038;p=11606"},"modified":"2025-12-05T18:23:39","modified_gmt":"2025-12-05T18:23:39","slug":"brushed-carbon-tpu-case-honor-magic6-lite","status":"publish","type":"product","link":"https:\/\/darvilais.md\/ro\/produs\/brushed-carbon-tpu-case-honor-magic6-lite\/","title":{"rendered":"Honor Magic6 Lite 5G"},"content":{"rendered":"<h2><strong>Carcas\u0103 TPU cu textur\u0103 periat\u0103 din fibr\u0103 de carbon pentru Honor Magic6 Lite 5G<\/strong><\/h2>\n<ul>\n<li class=\"p1\"><strong>Culoare: negru<\/strong><\/li>\n<li class=\"p1\"><strong>Tip: tampon de protec\u021bie<\/strong><\/li>\n<li class=\"p1\"><strong>Compatibilitate: Honor Magic6 Lite 5G<\/strong><\/li>\n<li class=\"p1\"><strong>Material: TPU cu textur\u0103 de carbon<\/strong><\/li>\n<li class=\"p1\"><strong>Caracteristici: protec\u021bie pentru camer\u0103, suprafa\u021b\u0103 antiderapant\u0103, col\u021buri \u00eent\u0103rite<\/strong><\/li>\n<li class=\"p1\"><strong>Pachetul include: carcas\u0103<\/strong><\/li>\n<li class=\"p1\"><strong>Produc\u0103tor: altul<\/strong><\/li>\n<\/ul>","protected":false},"excerpt":{"rendered":"<p><em><strong>O hus\u0103 TPU durabil\u0103 cu textur\u0103 de carbon pentru Honor Magic6 Lite 5G. Prezint\u0103 col\u021buri \u00eent\u0103rite, protec\u021bie pentru camer\u0103 \u0219i o suprafa\u021b\u0103 confortabil\u0103, antiderapant\u0103.<\/strong><\/em><\/p>","protected":false},"featured_media":11609,"template":"","meta":{"_acf_changed":false},"product_brand":[364],"product_cat":[362],"product_tag":[1371,1312,1357,427],"class_list":{"0":"post-11606","1":"product","2":"type-product","3":"status-publish","4":"has-post-thumbnail","6":"product_brand-364","7":"product_cat-phone-cases","8":"product_tag--tpu","9":"product_tag-1312","10":"product_tag-1357","11":"product_tag-427","13":"first","14":"instock","15":"sale","16":"taxable","17":"shipping-taxable","18":"purchasable","19":"product-type-simple","20":"add-to-wishlist-after_add_to_cart"},"acf":[],"jetpack_sharing_enabled":true,"_links":{"self":[{"href":"https:\/\/darvilais.md\/ro\/wp-json\/wp\/v2\/product\/11606","targetHints":{"allow":["GET"]}}],"collection":[{"href":"https:\/\/darvilais.md\/ro\/wp-json\/wp\/v2\/product"}],"about":[{"href":"https:\/\/darvilais.md\/ro\/wp-json\/wp\/v2\/types\/product"}],"wp:featuredmedia":[{"embeddable":true,"href":"https:\/\/darvilais.md\/ro\/wp-json\/wp\/v2\/media\/11609"}],"wp:attachment":[{"href":"https:\/\/darvilais.md\/ro\/wp-json\/wp\/v2\/media?parent=11606"}],"wp:term":[{"taxonomy":"product_brand","embeddable":true,"href":"https:\/\/darvilais.md\/ro\/wp-json\/wp\/v2\/product_brand?post=11606"},{"taxonomy":"product_cat","embeddable":true,"href":"https:\/\/darvilais.md\/ro\/wp-json\/wp\/v2\/product_cat?post=11606"},{"taxonomy":"product_tag","embeddable":true,"href":"https:\/\/darvilais.md\/ro\/wp-json\/wp\/v2\/product_tag?post=11606"}],"curies":[{"name":"wp","href":"https:\/\/api.w.org\/{rel}","templated":true}]}}