{"id":11538,"date":"2025-12-03T14:39:28","date_gmt":"2025-12-03T14:39:28","guid":{"rendered":"https:\/\/darvilais.md\/?post_type=product&#038;p=11538"},"modified":"2025-12-03T14:39:28","modified_gmt":"2025-12-03T14:39:28","slug":"brushed-carbon-tpu-case-for-honor-x9b","status":"publish","type":"product","link":"https:\/\/darvilais.md\/ro\/produs\/brushed-carbon-tpu-case-for-honor-x9b\/","title":{"rendered":"Onoare X9B"},"content":{"rendered":"<h2><strong>Carcas\u0103 TPU din fibr\u0103 de carbon cu textur\u0103 periat\u0103 pentru Honor X9B<\/strong><\/h2>\n<ul>\n<li class=\"p1\"><strong>Culoare: negru<\/strong><\/li>\n<li class=\"p1\"><strong>Tip: tampon de protec\u021bie<\/strong><\/li>\n<li class=\"p1\"><strong>Compatibilitate: Honor X9B<\/strong><\/li>\n<li class=\"p1\"><strong>Material: TPU cu textur\u0103 de carbon<\/strong><\/li>\n<li class=\"p1\"><strong>Caracteristici: protec\u021bie pentru camer\u0103, suprafa\u021b\u0103 antiderapant\u0103, col\u021buri \u00eent\u0103rite<\/strong><\/li>\n<li class=\"p1\"><strong>Pachetul include: carcas\u0103<\/strong><\/li>\n<li class=\"p1\"><strong>Produc\u0103tor: altul<\/strong><\/li>\n<\/ul>","protected":false},"excerpt":{"rendered":"<p><strong><em>O hus\u0103 TPU durabil\u0103 cu textur\u0103 de carbon pentru Honor X9B. Ofer\u0103 protec\u021bie \u00eembun\u0103t\u0103\u021bit\u0103 a camerei \u0219i un design antiderapant.<\/em><\/strong><\/p>","protected":false},"featured_media":11541,"template":"","meta":{"_acf_changed":false},"product_brand":[364],"product_cat":[362],"product_tag":[1358,400,1345,1357],"class_list":{"0":"post-11538","1":"product","2":"type-product","3":"status-publish","4":"has-post-thumbnail","6":"product_brand-364","7":"product_cat-phone-cases","8":"product_tag-tpu-","9":"product_tag-400","10":"product_tag-1345","11":"product_tag-1357","13":"first","14":"instock","15":"taxable","16":"shipping-taxable","17":"purchasable","18":"product-type-simple","19":"add-to-wishlist-after_add_to_cart"},"acf":[],"jetpack_sharing_enabled":true,"_links":{"self":[{"href":"https:\/\/darvilais.md\/ro\/wp-json\/wp\/v2\/product\/11538","targetHints":{"allow":["GET"]}}],"collection":[{"href":"https:\/\/darvilais.md\/ro\/wp-json\/wp\/v2\/product"}],"about":[{"href":"https:\/\/darvilais.md\/ro\/wp-json\/wp\/v2\/types\/product"}],"wp:featuredmedia":[{"embeddable":true,"href":"https:\/\/darvilais.md\/ro\/wp-json\/wp\/v2\/media\/11541"}],"wp:attachment":[{"href":"https:\/\/darvilais.md\/ro\/wp-json\/wp\/v2\/media?parent=11538"}],"wp:term":[{"taxonomy":"product_brand","embeddable":true,"href":"https:\/\/darvilais.md\/ro\/wp-json\/wp\/v2\/product_brand?post=11538"},{"taxonomy":"product_cat","embeddable":true,"href":"https:\/\/darvilais.md\/ro\/wp-json\/wp\/v2\/product_cat?post=11538"},{"taxonomy":"product_tag","embeddable":true,"href":"https:\/\/darvilais.md\/ro\/wp-json\/wp\/v2\/product_tag?post=11538"}],"curies":[{"name":"wp","href":"https:\/\/api.w.org\/{rel}","templated":true}]}}