{"id":11509,"date":"2025-12-02T19:23:58","date_gmt":"2025-12-02T19:23:58","guid":{"rendered":"https:\/\/darvilais.md\/?post_type=product&#038;p=11509"},"modified":"2025-12-02T19:24:40","modified_gmt":"2025-12-02T19:24:40","slug":"soft-tpu-thunderbolt-case-redmi-13c-poco-c65","status":"publish","type":"product","link":"https:\/\/darvilais.md\/ro\/produs\/soft-tpu-thunderbolt-case-redmi-13c-poco-c65\/","title":{"rendered":"Xiaomi Redmi 13C\/Poco C65"},"content":{"rendered":"<h2><strong>Carcas\u0103 moale TPU Thunderbolt pentru Xiaomi Redmi 13C\/Poco C65\u00a0<\/strong><\/h2>\n<ul>\n<li class=\"p1\"><strong>Culoare: negru\u00a0<\/strong><\/li>\n<li class=\"p1\"><strong>Tip: pern\u0103 moale de protec\u021bie\u00a0<\/strong><\/li>\n<li class=\"p1\"><strong>Compatibilitate: Xiaomi Redmi 13C, Poco C65\u00a0<\/strong><\/li>\n<li class=\"p1\"><strong>Material: TPU (moale)\u00a0<\/strong><\/li>\n<li class=\"p1\"><strong>Caracteristici: carcas\u0103 rezistent\u0103 la \u0219ocuri, protec\u021bie pentru camer\u0103, suprafa\u021b\u0103 antiderapant\u0103\u00a0<\/strong><\/li>\n<li class=\"p1\"><strong>Pachetul include: carcas\u0103\u00a0<\/strong><\/li>\n<li class=\"p1\"><strong>Produc\u0103tor: altul<\/strong><\/li>\n<\/ul>","protected":false},"excerpt":{"rendered":"<p><em><strong>Carcas\u0103 moale din TPU cu protec\u021bie Thunderbolt pentru Redmi 13C \/ Poco C65: absoarbe \u0219ocurile, protejeaz\u0103 camera \u0219i se potrive\u0219te confortabil \u00een m\u00e2n\u0103.<\/strong><\/em><\/p>","protected":false},"featured_media":11513,"template":"","meta":{"_acf_changed":false},"product_brand":[364],"product_cat":[362],"product_tag":[1337,400,1343,366],"class_list":{"0":"post-11509","1":"product","2":"type-product","3":"status-publish","4":"has-post-thumbnail","6":"product_brand-364","7":"product_cat-phone-cases","8":"product_tag-1337","9":"product_tag-400","10":"product_tag--tpu","11":"product_tag-366","13":"first","14":"instock","15":"sale","16":"taxable","17":"shipping-taxable","18":"purchasable","19":"product-type-simple","20":"add-to-wishlist-after_add_to_cart"},"acf":[],"jetpack_sharing_enabled":true,"_links":{"self":[{"href":"https:\/\/darvilais.md\/ro\/wp-json\/wp\/v2\/product\/11509","targetHints":{"allow":["GET"]}}],"collection":[{"href":"https:\/\/darvilais.md\/ro\/wp-json\/wp\/v2\/product"}],"about":[{"href":"https:\/\/darvilais.md\/ro\/wp-json\/wp\/v2\/types\/product"}],"wp:featuredmedia":[{"embeddable":true,"href":"https:\/\/darvilais.md\/ro\/wp-json\/wp\/v2\/media\/11513"}],"wp:attachment":[{"href":"https:\/\/darvilais.md\/ro\/wp-json\/wp\/v2\/media?parent=11509"}],"wp:term":[{"taxonomy":"product_brand","embeddable":true,"href":"https:\/\/darvilais.md\/ro\/wp-json\/wp\/v2\/product_brand?post=11509"},{"taxonomy":"product_cat","embeddable":true,"href":"https:\/\/darvilais.md\/ro\/wp-json\/wp\/v2\/product_cat?post=11509"},{"taxonomy":"product_tag","embeddable":true,"href":"https:\/\/darvilais.md\/ro\/wp-json\/wp\/v2\/product_tag?post=11509"}],"curies":[{"name":"wp","href":"https:\/\/api.w.org\/{rel}","templated":true}]}}