{"id":11504,"date":"2025-12-02T19:14:40","date_gmt":"2025-12-02T19:14:40","guid":{"rendered":"https:\/\/darvilais.md\/?post_type=product&#038;p=11504"},"modified":"2025-12-02T19:14:40","modified_gmt":"2025-12-02T19:14:40","slug":"tpu-transparent-case-redmi-13c-poco-c65","status":"publish","type":"product","link":"https:\/\/darvilais.md\/ro\/produs\/tpu-transparent-case-redmi-13c-poco-c65\/","title":{"rendered":"Xiaomi Redmi 13C\/Poco C65"},"content":{"rendered":"<h2><strong>Carcas\u0103 TPU transparent\u0103 ultra-sub\u021bire pentru Xiaomi Redmi 13C \/ Poco C65\u00a0<\/strong><\/h2>\n<ul>\n<li class=\"p1\"><strong>Culoare: transparent\u0103\u00a0<\/strong><\/li>\n<li class=\"p1\"><strong>Tip: tampon protector sub\u021bire\u00a0<\/strong><\/li>\n<li class=\"p1\"><strong>Compatibilitate: Xiaomi Redmi 13C, Poco C65\u00a0<\/strong><\/li>\n<li class=\"p1\"><strong>Material: TPU (transparent)\u00a0<\/strong><\/li>\n<li class=\"p1\"><strong>Caracteristici: Corp sub\u021bire, protec\u021bie pentru camer\u0103, greutate redus\u0103 \u0219i flexibilitate\u00a0<\/strong><\/li>\n<li class=\"p1\"><strong>Pachetul include: carcas\u0103\u00a0<\/strong><\/li>\n<li class=\"p1\"><strong>Produc\u0103tor: altul<\/strong><\/li>\n<\/ul>","protected":false},"excerpt":{"rendered":"<p><em><strong>O hus\u0103 TPU transparent\u0103 \u0219i sub\u021bire pentru Redmi 13C \/ Poco C65. U\u0219oar\u0103 \u0219i flexibil\u0103, protejeaz\u0103 camera \u0219i carcasa f\u0103r\u0103 a ad\u0103uga greutate smartphone-ului.<\/strong><\/em><\/p>","protected":false},"featured_media":11505,"template":"","meta":{"_acf_changed":false},"product_brand":[364],"product_cat":[362],"product_tag":[400,1343,373,1274],"class_list":{"0":"post-11504","1":"product","2":"type-product","3":"status-publish","4":"has-post-thumbnail","6":"product_brand-364","7":"product_cat-phone-cases","8":"product_tag-400","9":"product_tag--tpu","10":"product_tag-373","11":"product_tag-1274","13":"first","14":"instock","15":"sale","16":"taxable","17":"shipping-taxable","18":"purchasable","19":"product-type-simple","20":"add-to-wishlist-after_add_to_cart"},"acf":[],"jetpack_sharing_enabled":true,"_links":{"self":[{"href":"https:\/\/darvilais.md\/ro\/wp-json\/wp\/v2\/product\/11504","targetHints":{"allow":["GET"]}}],"collection":[{"href":"https:\/\/darvilais.md\/ro\/wp-json\/wp\/v2\/product"}],"about":[{"href":"https:\/\/darvilais.md\/ro\/wp-json\/wp\/v2\/types\/product"}],"wp:featuredmedia":[{"embeddable":true,"href":"https:\/\/darvilais.md\/ro\/wp-json\/wp\/v2\/media\/11505"}],"wp:attachment":[{"href":"https:\/\/darvilais.md\/ro\/wp-json\/wp\/v2\/media?parent=11504"}],"wp:term":[{"taxonomy":"product_brand","embeddable":true,"href":"https:\/\/darvilais.md\/ro\/wp-json\/wp\/v2\/product_brand?post=11504"},{"taxonomy":"product_cat","embeddable":true,"href":"https:\/\/darvilais.md\/ro\/wp-json\/wp\/v2\/product_cat?post=11504"},{"taxonomy":"product_tag","embeddable":true,"href":"https:\/\/darvilais.md\/ro\/wp-json\/wp\/v2\/product_tag?post=11504"}],"curies":[{"name":"wp","href":"https:\/\/api.w.org\/{rel}","templated":true}]}}