{"id":11476,"date":"2025-12-01T14:20:22","date_gmt":"2025-12-01T14:20:22","guid":{"rendered":"https:\/\/darvilais.md\/?post_type=product&#038;p=11476"},"modified":"2025-12-01T14:20:22","modified_gmt":"2025-12-01T14:20:22","slug":"lambskin-carte-case-poco-m6-4g-redmi-13","status":"publish","type":"product","link":"https:\/\/darvilais.md\/ro\/produs\/lambskin-carte-case-poco-m6-4g-redmi-13\/","title":{"rendered":"Xiaomi Poco M6 4G\/Redmi 13 4G"},"content":{"rendered":"<h2><strong>Hus\u0103 Lambskin Texture Carte Piele pentru Xiaomi <\/strong><strong>Poco M6 4G \/ Redmi 13 4G<\/strong><\/h2>\n<ul>\n<li class=\"p1\"><strong>Culoare: negru, albastru, ro\u0219u, gri<\/strong><\/li>\n<li class=\"p1\"><strong>Tip: carcas\u0103 cu clap\u0103<\/strong><\/li>\n<li class=\"p1\"><strong>Compatibilitate: Xiaomi Poco M6 4G, Xiaomi Redmi 13 4G<\/strong><\/li>\n<li class=\"p1\"><strong>Material: piele PU cu textur\u0103 de miel<\/strong><\/li>\n<li class=\"p1\"><strong>Caracteristici: Slot pentru card, c\u0103ptu\u0219eal\u0103 interioar\u0103 moale, protec\u021bie pentru camer\u0103<\/strong><\/li>\n<li class=\"p1\"><strong>Pachetul include: carcas\u0103<\/strong><\/li>\n<li class=\"p1\"><strong>Produc\u0103tor: altul<\/strong><\/li>\n<\/ul>","protected":false},"excerpt":{"rendered":"<p><em><strong>O hus\u0103 cu clap\u0103 din piele cu textur\u0103 de piele de miel pentru Poco M6 4G \u0219i Redmi 13. Dispune de un slot pentru card, c\u0103ptu\u0219eal\u0103 moale \u0219i protec\u021bie pentru camer\u0103.<\/strong><\/em><\/p>","protected":false},"featured_media":11477,"template":"","meta":{"_acf_changed":false},"product_brand":[364],"product_cat":[362],"product_tag":[400,927,1341,1323],"class_list":{"0":"post-11476","1":"product","2":"type-product","3":"status-publish","4":"has-post-thumbnail","6":"product_brand-364","7":"product_cat-phone-cases","8":"product_tag-400","9":"product_tag-927","10":"product_tag-1341","11":"product_tag-1323","13":"first","14":"instock","15":"sale","16":"taxable","17":"shipping-taxable","18":"purchasable","19":"product-type-variable","20":"add-to-wishlist-after_add_to_cart"},"acf":[],"jetpack_sharing_enabled":true,"_links":{"self":[{"href":"https:\/\/darvilais.md\/ro\/wp-json\/wp\/v2\/product\/11476","targetHints":{"allow":["GET"]}}],"collection":[{"href":"https:\/\/darvilais.md\/ro\/wp-json\/wp\/v2\/product"}],"about":[{"href":"https:\/\/darvilais.md\/ro\/wp-json\/wp\/v2\/types\/product"}],"wp:featuredmedia":[{"embeddable":true,"href":"https:\/\/darvilais.md\/ro\/wp-json\/wp\/v2\/media\/11477"}],"wp:attachment":[{"href":"https:\/\/darvilais.md\/ro\/wp-json\/wp\/v2\/media?parent=11476"}],"wp:term":[{"taxonomy":"product_brand","embeddable":true,"href":"https:\/\/darvilais.md\/ro\/wp-json\/wp\/v2\/product_brand?post=11476"},{"taxonomy":"product_cat","embeddable":true,"href":"https:\/\/darvilais.md\/ro\/wp-json\/wp\/v2\/product_cat?post=11476"},{"taxonomy":"product_tag","embeddable":true,"href":"https:\/\/darvilais.md\/ro\/wp-json\/wp\/v2\/product_tag?post=11476"}],"curies":[{"name":"wp","href":"https:\/\/api.w.org\/{rel}","templated":true}]}}