{"id":11467,"date":"2025-12-01T13:53:33","date_gmt":"2025-12-01T13:53:33","guid":{"rendered":"https:\/\/darvilais.md\/?post_type=product&#038;p=11467"},"modified":"2025-12-01T13:53:33","modified_gmt":"2025-12-01T13:53:33","slug":"tpu-hard-case-redmi-note-13-pro-4g-poco-m6","status":"publish","type":"product","link":"https:\/\/darvilais.md\/ro\/produs\/tpu-hard-case-redmi-note-13-pro-4g-poco-m6\/","title":{"rendered":"Xiaomi Redmi Note 13 Pro\/ Poco M6 Pro"},"content":{"rendered":"<h2><strong>Carcas\u0103 rigid\u0103 din TPU virgin\u0103 pentru Xiaomi Redmi Note 13 Pro 4G \/ Poco M6 Pro 4G<\/strong><\/h2>\n<ul>\n<li class=\"p1\"><strong>Culoare: transparent\u0103<\/strong><\/li>\n<li class=\"p1\"><strong>Tip: strat protector TPU dur<\/strong><\/li>\n<li class=\"p1\"><strong>Compatibilitate: Xiaomi Redmi Note 13 Pro 4G, Poco M6 Pro 4G<\/strong><\/li>\n<li class=\"p1\"><strong>Material: TPU (transparent)<\/strong><\/li>\n<li class=\"p1\"><strong>Caracteristici: Corp rigid, protec\u021bie pentru camer\u0103, potrivire str\u00e2ns\u0103<\/strong><\/li>\n<li class=\"p1\"><strong>Pachetul include: carcas\u0103<\/strong><\/li>\n<li class=\"p1\"><strong>Produc\u0103tor: altul<\/strong><\/li>\n<\/ul>","protected":false},"excerpt":{"rendered":"<p><em><strong>O hus\u0103 TPU rigid\u0103 \u0219i transparent\u0103 pentru Redmi Note 13 Pro 4G \u0219i Poco M6 Pro 4G, cu protec\u021bie pentru camer\u0103 \u0219i fixare perfect\u0103.<\/strong><\/em><\/p>","protected":false},"featured_media":11468,"template":"","meta":{"_acf_changed":false},"product_brand":[364],"product_cat":[362],"product_tag":[1347,400,373,1348],"class_list":{"0":"post-11467","1":"product","2":"type-product","3":"status-publish","4":"has-post-thumbnail","6":"product_brand-364","7":"product_cat-phone-cases","8":"product_tag--tpu","9":"product_tag-400","10":"product_tag-373","11":"product_tag-1348","13":"first","14":"instock","15":"sale","16":"taxable","17":"shipping-taxable","18":"purchasable","19":"product-type-simple","20":"add-to-wishlist-after_add_to_cart"},"acf":[],"jetpack_sharing_enabled":true,"_links":{"self":[{"href":"https:\/\/darvilais.md\/ro\/wp-json\/wp\/v2\/product\/11467","targetHints":{"allow":["GET"]}}],"collection":[{"href":"https:\/\/darvilais.md\/ro\/wp-json\/wp\/v2\/product"}],"about":[{"href":"https:\/\/darvilais.md\/ro\/wp-json\/wp\/v2\/types\/product"}],"wp:featuredmedia":[{"embeddable":true,"href":"https:\/\/darvilais.md\/ro\/wp-json\/wp\/v2\/media\/11468"}],"wp:attachment":[{"href":"https:\/\/darvilais.md\/ro\/wp-json\/wp\/v2\/media?parent=11467"}],"wp:term":[{"taxonomy":"product_brand","embeddable":true,"href":"https:\/\/darvilais.md\/ro\/wp-json\/wp\/v2\/product_brand?post=11467"},{"taxonomy":"product_cat","embeddable":true,"href":"https:\/\/darvilais.md\/ro\/wp-json\/wp\/v2\/product_cat?post=11467"},{"taxonomy":"product_tag","embeddable":true,"href":"https:\/\/darvilais.md\/ro\/wp-json\/wp\/v2\/product_tag?post=11467"}],"curies":[{"name":"wp","href":"https:\/\/api.w.org\/{rel}","templated":true}]}}