{"id":11459,"date":"2025-11-29T10:38:56","date_gmt":"2025-11-29T10:38:56","guid":{"rendered":"https:\/\/darvilais.md\/?post_type=product&#038;p=11459"},"modified":"2025-11-29T10:38:56","modified_gmt":"2025-11-29T10:38:56","slug":"carbon-case-xiaomi-redmi-note-12-4g-global","status":"publish","type":"product","link":"https:\/\/darvilais.md\/ro\/produs\/carbon-case-xiaomi-redmi-note-12-4g-global\/","title":{"rendered":"Xiaomi Redmi Note 12"},"content":{"rendered":"<h2><strong>Carcas\u0103 din fibr\u0103 de carbon cu textur\u0103 periat\u0103 pentru Xiaomi Redmi Note 12 4G Global<\/strong><\/h2>\n<ul>\n<li class=\"p1\"><strong>Culoare: negru, albastru, ro\u0219u<\/strong><\/li>\n<li class=\"p1\"><strong>Tip: tampon de protec\u021bie<\/strong><\/li>\n<li class=\"p1\"><strong>Compatibilitate: Xiaomi Redmi Note 12 4G Global<\/strong><\/li>\n<li class=\"p1\"><strong>Material: TPU cu textur\u0103 de carbon<\/strong><\/li>\n<li class=\"p1\"><strong>Caracteristici: Suprafa\u021b\u0103 antiderapant\u0103, protec\u021bie pentru camer\u0103, corp sub\u021bire<\/strong><\/li>\n<li class=\"p1\"><strong>Pachetul include: carcas\u0103<\/strong><\/li>\n<li class=\"p1\"><strong>Produc\u0103tor: altul<\/strong><\/li>\n<\/ul>","protected":false},"excerpt":{"rendered":"<p><em><strong>Carcas\u0103 din fibr\u0103 de carbon TPU pentru Redmi Note 12 4G Global, cu protec\u021bie pentru camer\u0103 \u0219i textur\u0103 antiderapant\u0103.<\/strong><\/em><\/p>","protected":false},"featured_media":11460,"template":"","meta":{"_acf_changed":false},"product_brand":[364],"product_cat":[362],"product_tag":[400,1345,1346,377],"class_list":{"0":"post-11459","1":"product","2":"type-product","3":"status-publish","4":"has-post-thumbnail","6":"product_brand-364","7":"product_cat-phone-cases","8":"product_tag-400","9":"product_tag-1345","10":"product_tag-1346","11":"product_tag-377","13":"first","14":"outofstock","15":"taxable","16":"shipping-taxable","17":"product-type-variable","18":"add-to-wishlist-after_add_to_cart"},"acf":[],"jetpack_sharing_enabled":true,"_links":{"self":[{"href":"https:\/\/darvilais.md\/ro\/wp-json\/wp\/v2\/product\/11459","targetHints":{"allow":["GET"]}}],"collection":[{"href":"https:\/\/darvilais.md\/ro\/wp-json\/wp\/v2\/product"}],"about":[{"href":"https:\/\/darvilais.md\/ro\/wp-json\/wp\/v2\/types\/product"}],"wp:featuredmedia":[{"embeddable":true,"href":"https:\/\/darvilais.md\/ro\/wp-json\/wp\/v2\/media\/11460"}],"wp:attachment":[{"href":"https:\/\/darvilais.md\/ro\/wp-json\/wp\/v2\/media?parent=11459"}],"wp:term":[{"taxonomy":"product_brand","embeddable":true,"href":"https:\/\/darvilais.md\/ro\/wp-json\/wp\/v2\/product_brand?post=11459"},{"taxonomy":"product_cat","embeddable":true,"href":"https:\/\/darvilais.md\/ro\/wp-json\/wp\/v2\/product_cat?post=11459"},{"taxonomy":"product_tag","embeddable":true,"href":"https:\/\/darvilais.md\/ro\/wp-json\/wp\/v2\/product_tag?post=11459"}],"curies":[{"name":"wp","href":"https:\/\/api.w.org\/{rel}","templated":true}]}}