{"id":11445,"date":"2025-11-29T10:13:07","date_gmt":"2025-11-29T10:13:07","guid":{"rendered":"https:\/\/darvilais.md\/?post_type=product&#038;p=11445"},"modified":"2025-11-29T10:13:07","modified_gmt":"2025-11-29T10:13:07","slug":"gqutrobe-carte-case-xiaomi-redmi-note-12-pro","status":"publish","type":"product","link":"https:\/\/darvilais.md\/ro\/produs\/gqutrobe-carte-case-xiaomi-redmi-note-12-pro\/","title":{"rendered":"Xiaomi Redmi Note 12 Pro"},"content":{"rendered":"<h2><strong>Hus\u0103 GQUTROBE Skin Feel Brush Carte pentru Xiaomi Redmi Note 12 Pro 4G Global<\/strong><\/h2>\n<ul>\n<li class=\"p1\"><strong>Culoare: negru<\/strong><\/li>\n<li class=\"p1\"><strong>Tip: carcas\u0103 orizontal\u0103 cu clapet\u0103<\/strong><\/li>\n<li class=\"p1\"><strong>Compatibilitate: Xiaomi Redmi Note 12 Pro 4G Global<\/strong><\/li>\n<li class=\"p1\"><strong>Material: piele PU + TPU<\/strong><\/li>\n<li class=\"p1\"><strong>Caracteristici: slot pentru card, suprafa\u021b\u0103 moale, protec\u021bie pentru camer\u0103<\/strong><\/li>\n<li class=\"p1\"><strong>Pachetul include: carcas\u0103<\/strong><\/li>\n<li class=\"p1\"><strong>Produc\u0103tor: altul<\/strong><\/li>\n<\/ul>","protected":false},"excerpt":{"rendered":"<p><strong><em>Hus\u0103 cu clap\u0103 GQUTROBE pentru Redmi Note 12 Pro 4G Global, cu slot pentru card \u0219i suprafa\u021b\u0103 moale.<\/em><\/strong><\/p>","protected":false},"featured_media":11446,"template":"","meta":{"_acf_changed":false},"product_brand":[364],"product_cat":[362],"product_tag":[927,1342,1341,1323],"class_list":{"0":"post-11445","1":"product","2":"type-product","3":"status-publish","4":"has-post-thumbnail","6":"product_brand-364","7":"product_cat-phone-cases","8":"product_tag-927","9":"product_tag-1342","10":"product_tag-1341","11":"product_tag-1323","13":"first","14":"instock","15":"taxable","16":"shipping-taxable","17":"purchasable","18":"product-type-simple","19":"add-to-wishlist-after_add_to_cart"},"acf":[],"jetpack_sharing_enabled":true,"_links":{"self":[{"href":"https:\/\/darvilais.md\/ro\/wp-json\/wp\/v2\/product\/11445","targetHints":{"allow":["GET"]}}],"collection":[{"href":"https:\/\/darvilais.md\/ro\/wp-json\/wp\/v2\/product"}],"about":[{"href":"https:\/\/darvilais.md\/ro\/wp-json\/wp\/v2\/types\/product"}],"wp:featuredmedia":[{"embeddable":true,"href":"https:\/\/darvilais.md\/ro\/wp-json\/wp\/v2\/media\/11446"}],"wp:attachment":[{"href":"https:\/\/darvilais.md\/ro\/wp-json\/wp\/v2\/media?parent=11445"}],"wp:term":[{"taxonomy":"product_brand","embeddable":true,"href":"https:\/\/darvilais.md\/ro\/wp-json\/wp\/v2\/product_brand?post=11445"},{"taxonomy":"product_cat","embeddable":true,"href":"https:\/\/darvilais.md\/ro\/wp-json\/wp\/v2\/product_cat?post=11445"},{"taxonomy":"product_tag","embeddable":true,"href":"https:\/\/darvilais.md\/ro\/wp-json\/wp\/v2\/product_tag?post=11445"}],"curies":[{"name":"wp","href":"https:\/\/api.w.org\/{rel}","templated":true}]}}