{"id":11427,"date":"2025-11-28T20:08:27","date_gmt":"2025-11-28T20:08:27","guid":{"rendered":"https:\/\/darvilais.md\/?post_type=product&#038;p=11427"},"modified":"2025-11-28T20:08:27","modified_gmt":"2025-11-28T20:08:27","slug":"shockproof-case-xiaomi-redmi-note-11-12-pro","status":"publish","type":"product","link":"https:\/\/darvilais.md\/ro\/produs\/shockproof-case-xiaomi-redmi-note-11-12-pro\/","title":{"rendered":"Xiaomi Redmi Note 11 Pro\/12 Pro"},"content":{"rendered":"<ul>\n<li class=\"p1\"><strong>Carcas\u0103 antiderapant\u0103 rezistent\u0103 la \u0219ocuri pentru Xiaomi Redmi Note 11 Pro \/ 12 Pro 4G<\/strong><\/li>\n<li class=\"p1\"><strong>Culoare: transparent\u0103<\/strong><\/li>\n<li class=\"p1\"><strong>Tip: suport rezistent la \u0219ocuri<\/strong><\/li>\n<li class=\"p1\"><strong>Compatibilitate: Xiaomi Redmi Note 11 Pro, Xiaomi Redmi Note 12 Pro 4G<\/strong><\/li>\n<li class=\"p1\"><strong>Material: TPU (transparent)<\/strong><\/li>\n<li class=\"p1\"><strong>Caracteristici: col\u021buri \u00eent\u0103rite, protec\u021bie pentru camer\u0103, strat antiderapant<\/strong><\/li>\n<li class=\"p1\"><strong>Pachetul include: carcas\u0103<\/strong><\/li>\n<li class=\"p1\"><strong>Produc\u0103tor: altul<\/strong><\/li>\n<\/ul>","protected":false},"excerpt":{"rendered":"<p><strong><em>Carcas\u0103 transparent\u0103 TPU rezistent\u0103 la \u0219ocuri pentru Redmi Note 11 Pro \u0219i 12 Pro 4G, cu col\u021buri groase \u0219i protec\u021bie pentru camer\u0103.<\/em><\/strong><\/p>","protected":false},"featured_media":11430,"template":"","meta":{"_acf_changed":false},"product_brand":[364],"product_cat":[362],"product_tag":[1337,400,373,1331],"class_list":{"0":"post-11427","1":"product","2":"type-product","3":"status-publish","4":"has-post-thumbnail","6":"product_brand-364","7":"product_cat-phone-cases","8":"product_tag-1337","9":"product_tag-400","10":"product_tag-373","11":"product_tag--tpu","13":"first","14":"instock","15":"sale","16":"taxable","17":"shipping-taxable","18":"purchasable","19":"product-type-simple","20":"add-to-wishlist-after_add_to_cart"},"acf":[],"jetpack_sharing_enabled":true,"_links":{"self":[{"href":"https:\/\/darvilais.md\/ro\/wp-json\/wp\/v2\/product\/11427","targetHints":{"allow":["GET"]}}],"collection":[{"href":"https:\/\/darvilais.md\/ro\/wp-json\/wp\/v2\/product"}],"about":[{"href":"https:\/\/darvilais.md\/ro\/wp-json\/wp\/v2\/types\/product"}],"wp:featuredmedia":[{"embeddable":true,"href":"https:\/\/darvilais.md\/ro\/wp-json\/wp\/v2\/media\/11430"}],"wp:attachment":[{"href":"https:\/\/darvilais.md\/ro\/wp-json\/wp\/v2\/media?parent=11427"}],"wp:term":[{"taxonomy":"product_brand","embeddable":true,"href":"https:\/\/darvilais.md\/ro\/wp-json\/wp\/v2\/product_brand?post=11427"},{"taxonomy":"product_cat","embeddable":true,"href":"https:\/\/darvilais.md\/ro\/wp-json\/wp\/v2\/product_cat?post=11427"},{"taxonomy":"product_tag","embeddable":true,"href":"https:\/\/darvilais.md\/ro\/wp-json\/wp\/v2\/product_tag?post=11427"}],"curies":[{"name":"wp","href":"https:\/\/api.w.org\/{rel}","templated":true}]}}