{"id":11404,"date":"2025-11-28T19:02:31","date_gmt":"2025-11-28T19:02:31","guid":{"rendered":"https:\/\/darvilais.md\/?post_type=product&#038;p=11404"},"modified":"2025-11-28T19:02:31","modified_gmt":"2025-11-28T19:02:31","slug":"imak-shockproof-case-xiaomi-redmi-note-13-4g","status":"publish","type":"product","link":"https:\/\/darvilais.md\/ro\/produs\/imak-shockproof-case-xiaomi-redmi-note-13-4g\/","title":{"rendered":"Xiaomi Redmi Note 13"},"content":{"rendered":"<h2><strong>Carcas\u0103 rezistent\u0103 la \u0219ocuri IMAK UX-5 pentru Xiaomi Redmi Note 13 4G<\/strong><\/h2>\n<ul>\n<li class=\"p1\"><strong>Culoare: transparent\u0103<\/strong><\/li>\n<li class=\"p1\"><strong>Tip: Pern\u0103 de protec\u021bie rezistent\u0103 la \u0219ocuri<\/strong><\/li>\n<li class=\"p1\"><strong>Compatibilitate: Xiaomi Redmi Note 13 4G<\/strong><\/li>\n<li class=\"p1\"><strong>Material: TPU (transparent)<\/strong><\/li>\n<li class=\"p1\"><strong>Caracteristici: col\u021buri \u00eent\u0103rite, protec\u021bie camer\u0103, corp flexibil<\/strong><\/li>\n<li class=\"p1\"><strong>Pachetul include: carcas\u0103<\/strong><\/li>\n<li class=\"p1\"><strong>Produc\u0103tor: altul<\/strong><\/li>\n<\/ul>","protected":false},"excerpt":{"rendered":"<p><strong><em>Hus\u0103 IMAK UX-5 transparent\u0103, rezistent\u0103 la \u0219ocuri, din TPU, pentru Redmi Note 13 4G, cu col\u021buri \u00eent\u0103rite \u0219i protec\u021bie pentru camer\u0103.<\/em><\/strong><\/p>","protected":false},"featured_media":11407,"template":"","meta":{"_acf_changed":false},"product_brand":[364],"product_cat":[362],"product_tag":[400,373,1331,1332],"class_list":{"0":"post-11404","1":"product","2":"type-product","3":"status-publish","4":"has-post-thumbnail","6":"product_brand-364","7":"product_cat-phone-cases","8":"product_tag-400","9":"product_tag-373","10":"product_tag--tpu","11":"product_tag-1332","13":"first","14":"instock","15":"sale","16":"taxable","17":"shipping-taxable","18":"purchasable","19":"product-type-simple","20":"add-to-wishlist-after_add_to_cart"},"acf":[],"jetpack_sharing_enabled":true,"_links":{"self":[{"href":"https:\/\/darvilais.md\/ro\/wp-json\/wp\/v2\/product\/11404","targetHints":{"allow":["GET"]}}],"collection":[{"href":"https:\/\/darvilais.md\/ro\/wp-json\/wp\/v2\/product"}],"about":[{"href":"https:\/\/darvilais.md\/ro\/wp-json\/wp\/v2\/types\/product"}],"wp:featuredmedia":[{"embeddable":true,"href":"https:\/\/darvilais.md\/ro\/wp-json\/wp\/v2\/media\/11407"}],"wp:attachment":[{"href":"https:\/\/darvilais.md\/ro\/wp-json\/wp\/v2\/media?parent=11404"}],"wp:term":[{"taxonomy":"product_brand","embeddable":true,"href":"https:\/\/darvilais.md\/ro\/wp-json\/wp\/v2\/product_brand?post=11404"},{"taxonomy":"product_cat","embeddable":true,"href":"https:\/\/darvilais.md\/ro\/wp-json\/wp\/v2\/product_cat?post=11404"},{"taxonomy":"product_tag","embeddable":true,"href":"https:\/\/darvilais.md\/ro\/wp-json\/wp\/v2\/product_tag?post=11404"}],"curies":[{"name":"wp","href":"https:\/\/api.w.org\/{rel}","templated":true}]}}