{"id":11390,"date":"2025-11-27T16:43:19","date_gmt":"2025-11-27T16:43:19","guid":{"rendered":"https:\/\/darvilais.md\/?post_type=product&#038;p=11390"},"modified":"2025-11-27T16:43:19","modified_gmt":"2025-11-27T16:43:19","slug":"magic-shield-case-xiaomi-redmi-note-13-pro-4g","status":"publish","type":"product","link":"https:\/\/darvilais.md\/ro\/produs\/magic-shield-case-xiaomi-redmi-note-13-pro-4g\/","title":{"rendered":"Redmi Note 13 Pro"},"content":{"rendered":"<h2><strong>Hus\u0103 Magic Shield + Flanel pentru Xiaomi Redmi Note 13 Pro 4G Global<\/strong><\/h2>\n<ul>\n<li class=\"p1\"><strong>Culoare: negru, ro\u0219u, albastru<\/strong><\/li>\n<li class=\"p1\"><strong>Tip: Pern\u0103 de protec\u021bie cu c\u0103ptu\u0219eal\u0103 moale<\/strong><\/li>\n<li class=\"p1\"><strong>Compatibilitate: Xiaomi Redmi Note 13 Pro 4G Global<\/strong><\/li>\n<li class=\"p1\"><strong>Material: TPU + c\u0103ptu\u0219eal\u0103 din material textil<\/strong><\/li>\n<li class=\"p1\"><strong>Caracteristici: Protec\u021bie camer\u0103, c\u0103ptu\u0219eal\u0103 moale, col\u021buri \u00eent\u0103rite<\/strong><\/li>\n<li class=\"p1\"><strong>Pachetul include: carcas\u0103<\/strong><\/li>\n<li class=\"p1\"><strong>Produc\u0103tor: altul<\/strong><\/li>\n<\/ul>","protected":false},"excerpt":{"rendered":"<p><em><strong>Husa Magic Shield pentru Redmi Note 13 Pro 4G Global este o hus\u0103 rezistent\u0103, cu c\u0103ptu\u0219eal\u0103 moale \u0219i protec\u021bie pentru camer\u0103.<\/strong><\/em><\/p>","protected":false},"featured_media":11391,"template":"","meta":{"_acf_changed":false},"product_brand":[364],"product_cat":[362],"product_tag":[400,368,1330,1317],"class_list":{"0":"post-11390","1":"product","2":"type-product","3":"status-publish","4":"has-post-thumbnail","6":"product_brand-364","7":"product_cat-phone-cases","8":"product_tag-400","9":"product_tag-368","10":"product_tag-1330","11":"product_tag-1317","13":"first","14":"instock","15":"sale","16":"taxable","17":"shipping-taxable","18":"purchasable","19":"product-type-variable","20":"add-to-wishlist-after_add_to_cart"},"acf":[],"jetpack_sharing_enabled":true,"_links":{"self":[{"href":"https:\/\/darvilais.md\/ro\/wp-json\/wp\/v2\/product\/11390","targetHints":{"allow":["GET"]}}],"collection":[{"href":"https:\/\/darvilais.md\/ro\/wp-json\/wp\/v2\/product"}],"about":[{"href":"https:\/\/darvilais.md\/ro\/wp-json\/wp\/v2\/types\/product"}],"wp:featuredmedia":[{"embeddable":true,"href":"https:\/\/darvilais.md\/ro\/wp-json\/wp\/v2\/media\/11391"}],"wp:attachment":[{"href":"https:\/\/darvilais.md\/ro\/wp-json\/wp\/v2\/media?parent=11390"}],"wp:term":[{"taxonomy":"product_brand","embeddable":true,"href":"https:\/\/darvilais.md\/ro\/wp-json\/wp\/v2\/product_brand?post=11390"},{"taxonomy":"product_cat","embeddable":true,"href":"https:\/\/darvilais.md\/ro\/wp-json\/wp\/v2\/product_cat?post=11390"},{"taxonomy":"product_tag","embeddable":true,"href":"https:\/\/darvilais.md\/ro\/wp-json\/wp\/v2\/product_tag?post=11390"}],"curies":[{"name":"wp","href":"https:\/\/api.w.org\/{rel}","templated":true}]}}