{"id":11350,"date":"2025-11-25T19:28:24","date_gmt":"2025-11-25T19:28:24","guid":{"rendered":"https:\/\/darvilais.md\/?post_type=product&#038;p=11350"},"modified":"2025-11-25T19:28:24","modified_gmt":"2025-11-25T19:28:24","slug":"magnetic-carte-case-samsung-galaxy-a14-5g","status":"publish","type":"product","link":"https:\/\/darvilais.md\/ro\/produs\/magnetic-carte-case-samsung-galaxy-a14-5g\/","title":{"rendered":"Samsung Galaxy A14"},"content":{"rendered":"<h2><strong>Carcas\u0103 magnetic\u0103 Frosted Business pentru Samsung Galaxy A14 5G<\/strong><\/h2>\n<ul>\n<li class=\"p1\"><strong>Culoare: negru<\/strong><\/li>\n<li class=\"p1\"><strong>Tip: carcas\u0103 magnetic\u0103 cu clap\u0103<\/strong><\/li>\n<li class=\"p1\"><strong>Compatibilitate: Samsung Galaxy A14 5G<\/strong><\/li>\n<li class=\"p1\"><strong>Material: piele PU + TPU<\/strong><\/li>\n<li class=\"p1\"><strong>Caracteristici: suport orizontal, capac magnetic, sloturi pentru carduri<\/strong><\/li>\n<li class=\"p1\"><strong>Pachetul include: carcas\u0103<\/strong><\/li>\n<li class=\"p1\"><strong>Produc\u0103tor: altul<\/strong><\/li>\n<\/ul>","protected":false},"excerpt":{"rendered":"<p><em><strong>Hus\u0103 magnetic\u0103 business cu clap\u0103 pentru Samsung A14 4G\/5G, cu sloturi pentru carduri \u0219i suport. Protejeaz\u0103 husa \u0219i camera.<\/strong><\/em><\/p>","protected":false},"featured_media":11355,"template":"","meta":{"_acf_changed":false},"product_brand":[364],"product_cat":[362],"product_tag":[1325,1324,1306,1323],"class_list":{"0":"post-11350","1":"product","2":"type-product","3":"status-publish","4":"has-post-thumbnail","6":"product_brand-364","7":"product_cat-phone-cases","8":"product_tag-1325","9":"product_tag-1324","10":"product_tag-1306","11":"product_tag-1323","13":"first","14":"instock","15":"sale","16":"taxable","17":"shipping-taxable","18":"purchasable","19":"product-type-simple","20":"add-to-wishlist-after_add_to_cart"},"acf":[],"jetpack_sharing_enabled":true,"_links":{"self":[{"href":"https:\/\/darvilais.md\/ro\/wp-json\/wp\/v2\/product\/11350","targetHints":{"allow":["GET"]}}],"collection":[{"href":"https:\/\/darvilais.md\/ro\/wp-json\/wp\/v2\/product"}],"about":[{"href":"https:\/\/darvilais.md\/ro\/wp-json\/wp\/v2\/types\/product"}],"wp:featuredmedia":[{"embeddable":true,"href":"https:\/\/darvilais.md\/ro\/wp-json\/wp\/v2\/media\/11355"}],"wp:attachment":[{"href":"https:\/\/darvilais.md\/ro\/wp-json\/wp\/v2\/media?parent=11350"}],"wp:term":[{"taxonomy":"product_brand","embeddable":true,"href":"https:\/\/darvilais.md\/ro\/wp-json\/wp\/v2\/product_brand?post=11350"},{"taxonomy":"product_cat","embeddable":true,"href":"https:\/\/darvilais.md\/ro\/wp-json\/wp\/v2\/product_cat?post=11350"},{"taxonomy":"product_tag","embeddable":true,"href":"https:\/\/darvilais.md\/ro\/wp-json\/wp\/v2\/product_tag?post=11350"}],"curies":[{"name":"wp","href":"https:\/\/api.w.org\/{rel}","templated":true}]}}