{"id":11280,"date":"2025-11-24T14:48:16","date_gmt":"2025-11-24T14:48:16","guid":{"rendered":"https:\/\/darvilais.md\/?post_type=product&#038;p=11280"},"modified":"2025-11-24T14:48:16","modified_gmt":"2025-11-24T14:48:16","slug":"tpu-case-black-samsung-galaxy-a54-5g","status":"publish","type":"product","link":"https:\/\/darvilais.md\/ro\/produs\/tpu-case-black-samsung-galaxy-a54-5g\/","title":{"rendered":"Samsung Galaxy A54"},"content":{"rendered":"<h2><strong>Carcas\u0103 TPU pentru Samsung Galaxy A54 5G<\/strong><\/h2>\n<ul>\n<li class=\"p1\"><strong>Culoare: negru<\/strong><\/li>\n<li class=\"p1\"><strong>Tip: tampon de protec\u021bie<\/strong><\/li>\n<li class=\"p1\"><strong>Compatibilitate: Samsung Galaxy A54 5G<\/strong><\/li>\n<li class=\"p1\"><strong>Material: TPU<\/strong><\/li>\n<li class=\"p1\"><strong>Caracteristici: protec\u021bie camer\u0103, suprafa\u021b\u0103 mat\u0103, antiderapant\u0103<\/strong><\/li>\n<li class=\"p1\"><strong>Pachetul include: carcas\u0103<\/strong><\/li>\n<li class=\"p1\"><strong>Produc\u0103tor: altul<\/strong><\/li>\n<\/ul>","protected":false},"excerpt":{"rendered":"<p><em><strong>Hus\u0103 neagr\u0103 mat\u0103 din TPU pentru Samsung A54 5G. Protejeaz\u0103 camera \u0219i carcasa, ofer\u0103 o fixare sigur\u0103 \u0219i este antiderapant\u0103.<\/strong><\/em><\/p>","protected":false},"featured_media":11282,"template":"","meta":{"_acf_changed":false},"product_brand":[364],"product_cat":[362],"product_tag":[1313,400,376,1321],"class_list":{"0":"post-11280","1":"product","2":"type-product","3":"status-publish","4":"has-post-thumbnail","6":"product_brand-364","7":"product_cat-phone-cases","8":"product_tag-1313","9":"product_tag-400","10":"product_tag-376","11":"product_tag--tpu","13":"first","14":"instock","15":"taxable","16":"shipping-taxable","17":"purchasable","18":"product-type-simple","19":"add-to-wishlist-after_add_to_cart"},"acf":[],"jetpack_sharing_enabled":true,"_links":{"self":[{"href":"https:\/\/darvilais.md\/ro\/wp-json\/wp\/v2\/product\/11280","targetHints":{"allow":["GET"]}}],"collection":[{"href":"https:\/\/darvilais.md\/ro\/wp-json\/wp\/v2\/product"}],"about":[{"href":"https:\/\/darvilais.md\/ro\/wp-json\/wp\/v2\/types\/product"}],"wp:featuredmedia":[{"embeddable":true,"href":"https:\/\/darvilais.md\/ro\/wp-json\/wp\/v2\/media\/11282"}],"wp:attachment":[{"href":"https:\/\/darvilais.md\/ro\/wp-json\/wp\/v2\/media?parent=11280"}],"wp:term":[{"taxonomy":"product_brand","embeddable":true,"href":"https:\/\/darvilais.md\/ro\/wp-json\/wp\/v2\/product_brand?post=11280"},{"taxonomy":"product_cat","embeddable":true,"href":"https:\/\/darvilais.md\/ro\/wp-json\/wp\/v2\/product_cat?post=11280"},{"taxonomy":"product_tag","embeddable":true,"href":"https:\/\/darvilais.md\/ro\/wp-json\/wp\/v2\/product_tag?post=11280"}],"curies":[{"name":"wp","href":"https:\/\/api.w.org\/{rel}","templated":true}]}}