{"id":11251,"date":"2025-11-23T18:38:41","date_gmt":"2025-11-23T18:38:41","guid":{"rendered":"https:\/\/darvilais.md\/?post_type=product&#038;p=11251"},"modified":"2025-11-23T18:38:41","modified_gmt":"2025-11-23T18:38:41","slug":"litchi-leather-back-case-samsung-galaxy-a15","status":"publish","type":"product","link":"https:\/\/darvilais.md\/ro\/produs\/litchi-leather-back-case-samsung-galaxy-a15\/","title":{"rendered":"Samsung Galaxy A15"},"content":{"rendered":"<h2><strong>Carcas\u0103 spate cu margine din ulei de litchi pentru Samsung Galaxy A15 5G<\/strong><\/h2>\n<ul>\n<li class=\"p1\"><strong>Culoare: negru, maro, verde, albastru, roz<\/strong><\/li>\n<li class=\"p1\"><strong>Tip: tampon de protec\u021bie<\/strong><\/li>\n<li class=\"p1\"><strong>Compatibilitate: Samsung Galaxy A15 5G<\/strong><\/li>\n<li class=\"p1\"><strong>Material: Piele artificial\u0103 + TPU<\/strong><\/li>\n<li class=\"p1\"><strong>Caracteristici: textur\u0103 de goji, protec\u021bie pentru camer\u0103, margini \u00eent\u0103rite<\/strong><\/li>\n<li class=\"p1\"><strong>Pachetul include: carcas\u0103<\/strong><\/li>\n<li class=\"p1\"><strong>Produc\u0103tor: altul<\/strong><\/li>\n<\/ul>","protected":false},"excerpt":{"rendered":"<p><strong><em>Litchi este o hus\u0103 din piele cu textur\u0103 de lichen pentru Samsung A15 5G. Protejeaz\u0103 camera \u0219i carcasa, ar\u0103t\u00e2nd \u00een acela\u0219i timp elegant\u0103 \u0219i \u00eengrijit\u0103.<\/em><\/strong><\/p>","protected":false},"featured_media":11253,"template":"","meta":{"_acf_changed":false},"product_brand":[364],"product_cat":[362],"product_tag":[400,397,1317,1320],"class_list":{"0":"post-11251","1":"product","2":"type-product","3":"status-publish","4":"has-post-thumbnail","6":"product_brand-364","7":"product_cat-phone-cases","8":"product_tag-400","9":"product_tag-397","10":"product_tag-1317","11":"product_tag-1320","13":"first","14":"instock","15":"taxable","16":"shipping-taxable","17":"purchasable","18":"product-type-variable","19":"add-to-wishlist-after_add_to_cart"},"acf":[],"jetpack_sharing_enabled":true,"_links":{"self":[{"href":"https:\/\/darvilais.md\/ro\/wp-json\/wp\/v2\/product\/11251","targetHints":{"allow":["GET"]}}],"collection":[{"href":"https:\/\/darvilais.md\/ro\/wp-json\/wp\/v2\/product"}],"about":[{"href":"https:\/\/darvilais.md\/ro\/wp-json\/wp\/v2\/types\/product"}],"wp:featuredmedia":[{"embeddable":true,"href":"https:\/\/darvilais.md\/ro\/wp-json\/wp\/v2\/media\/11253"}],"wp:attachment":[{"href":"https:\/\/darvilais.md\/ro\/wp-json\/wp\/v2\/media?parent=11251"}],"wp:term":[{"taxonomy":"product_brand","embeddable":true,"href":"https:\/\/darvilais.md\/ro\/wp-json\/wp\/v2\/product_brand?post=11251"},{"taxonomy":"product_cat","embeddable":true,"href":"https:\/\/darvilais.md\/ro\/wp-json\/wp\/v2\/product_cat?post=11251"},{"taxonomy":"product_tag","embeddable":true,"href":"https:\/\/darvilais.md\/ro\/wp-json\/wp\/v2\/product_tag?post=11251"}],"curies":[{"name":"wp","href":"https:\/\/api.w.org\/{rel}","templated":true}]}}