{"id":11223,"date":"2025-11-20T20:12:57","date_gmt":"2025-11-20T20:12:57","guid":{"rendered":"https:\/\/darvilais.md\/?post_type=product&#038;p=11223"},"modified":"2025-11-20T20:12:58","modified_gmt":"2025-11-20T20:12:58","slug":"tpu-virgin-case-samsung-galaxy-a25-5g","status":"publish","type":"product","link":"https:\/\/darvilais.md\/ro\/produs\/tpu-virgin-case-samsung-galaxy-a25-5g\/","title":{"rendered":"Samsung Galaxy A25"},"content":{"rendered":"<h2><strong>Carcas\u0103 TPU Virgin pentru Samsung Galaxy A25 5G<\/strong><\/h2>\n<ul>\n<li class=\"p1\"><strong>Culoare: transparent\u0103<\/strong><\/li>\n<li class=\"p1\"><strong>Tip: tampon de protec\u021bie<\/strong><\/li>\n<li class=\"p1\"><strong>Compatibilitate: Samsung Galaxy A25 5G<\/strong><\/li>\n<li class=\"p1\"><strong>Material: TPU transparent<\/strong><\/li>\n<li class=\"p1\"><strong>Caracteristici: Protec\u021bie camer\u0103, corp flexibil, potrivire str\u00e2ns\u0103<\/strong><\/li>\n<li class=\"p1\"><strong>Pachetul include: carcas\u0103<\/strong><\/li>\n<li class=\"p1\"><strong>Produc\u0103tor: altul<\/strong><\/li>\n<\/ul>","protected":false},"excerpt":{"rendered":"<p><strong><em>O hus\u0103 transparent\u0103 din TPU pentru Samsung A25 5G. Se potrive\u0219te perfect, protejeaz\u0103 camera \u0219i carcasa \u0219i nu adaug\u0103 volum.<\/em><\/strong><\/p>","protected":false},"featured_media":11227,"template":"","meta":{"_acf_changed":false},"product_brand":[364],"product_cat":[362],"product_tag":[1307,400,373,1274],"class_list":{"0":"post-11223","1":"product","2":"type-product","3":"status-publish","4":"has-post-thumbnail","6":"product_brand-364","7":"product_cat-phone-cases","8":"product_tag--tpu","9":"product_tag-400","10":"product_tag-373","11":"product_tag-1274","13":"first","14":"instock","15":"sale","16":"taxable","17":"shipping-taxable","18":"purchasable","19":"product-type-simple","20":"add-to-wishlist-after_add_to_cart"},"acf":[],"jetpack_sharing_enabled":true,"_links":{"self":[{"href":"https:\/\/darvilais.md\/ro\/wp-json\/wp\/v2\/product\/11223","targetHints":{"allow":["GET"]}}],"collection":[{"href":"https:\/\/darvilais.md\/ro\/wp-json\/wp\/v2\/product"}],"about":[{"href":"https:\/\/darvilais.md\/ro\/wp-json\/wp\/v2\/types\/product"}],"wp:featuredmedia":[{"embeddable":true,"href":"https:\/\/darvilais.md\/ro\/wp-json\/wp\/v2\/media\/11227"}],"wp:attachment":[{"href":"https:\/\/darvilais.md\/ro\/wp-json\/wp\/v2\/media?parent=11223"}],"wp:term":[{"taxonomy":"product_brand","embeddable":true,"href":"https:\/\/darvilais.md\/ro\/wp-json\/wp\/v2\/product_brand?post=11223"},{"taxonomy":"product_cat","embeddable":true,"href":"https:\/\/darvilais.md\/ro\/wp-json\/wp\/v2\/product_cat?post=11223"},{"taxonomy":"product_tag","embeddable":true,"href":"https:\/\/darvilais.md\/ro\/wp-json\/wp\/v2\/product_tag?post=11223"}],"curies":[{"name":"wp","href":"https:\/\/api.w.org\/{rel}","templated":true}]}}