{"id":11212,"date":"2025-11-18T20:36:54","date_gmt":"2025-11-18T20:36:54","guid":{"rendered":"https:\/\/darvilais.md\/?post_type=product&#038;p=11212"},"modified":"2025-11-18T20:36:54","modified_gmt":"2025-11-18T20:36:54","slug":"carbon-fiber-tpu-case-samsung-galaxy-a35-5g","status":"publish","type":"product","link":"https:\/\/darvilais.md\/ro\/produs\/carbon-fiber-tpu-case-samsung-galaxy-a35-5g\/","title":{"rendered":"Samsung Galaxy A35"},"content":{"rendered":"<h2><strong>Carcas\u0103 TPU din fibr\u0103 de carbon periat\u0103 pentru Samsung Galaxy A35 5G<\/strong><\/h2>\n<ul>\n<li class=\"p1\"><strong>Culoare: negru, albastru, ro\u0219u<\/strong><\/li>\n<li class=\"p1\"><strong>Tip: tampon de protec\u021bie<\/strong><\/li>\n<li class=\"p1\"><strong>Compatibilitate: Samsung Galaxy A35 5G<\/strong><\/li>\n<li class=\"p1\"><strong>Material: TPU cu textur\u0103 de carbon<\/strong><\/li>\n<li class=\"p1\"><strong>Caracteristici: protec\u021bie camer\u0103, suprafa\u021b\u0103 texturat\u0103, rezisten\u021b\u0103 la \u0219ocuri<\/strong><\/li>\n<li class=\"p1\"><strong>Pachetul include: carcas\u0103<\/strong><\/li>\n<li class=\"p1\"><strong>Produc\u0103tor: altul<\/strong><\/li>\n<\/ul>","protected":false},"excerpt":{"rendered":"<p><em><strong>O hus\u0103 TPU durabil\u0103 cu textur\u0103 de carbon pentru Samsung A35 5G. Protejeaz\u0103 camera \u0219i carcasa de deterior\u0103ri.<\/strong><\/em><\/p>","protected":false},"featured_media":11214,"template":"","meta":{"_acf_changed":false},"product_brand":[364],"product_cat":[362],"product_tag":[400,1298,1317,1316],"class_list":{"0":"post-11212","1":"product","2":"type-product","3":"status-publish","4":"has-post-thumbnail","6":"product_brand-364","7":"product_cat-phone-cases","8":"product_tag-400","9":"product_tag-1298","10":"product_tag-1317","11":"product_tag--tpu","13":"first","14":"instock","15":"sale","16":"taxable","17":"shipping-taxable","18":"purchasable","19":"product-type-variable","20":"add-to-wishlist-after_add_to_cart"},"acf":[],"jetpack_sharing_enabled":true,"_links":{"self":[{"href":"https:\/\/darvilais.md\/ro\/wp-json\/wp\/v2\/product\/11212","targetHints":{"allow":["GET"]}}],"collection":[{"href":"https:\/\/darvilais.md\/ro\/wp-json\/wp\/v2\/product"}],"about":[{"href":"https:\/\/darvilais.md\/ro\/wp-json\/wp\/v2\/types\/product"}],"wp:featuredmedia":[{"embeddable":true,"href":"https:\/\/darvilais.md\/ro\/wp-json\/wp\/v2\/media\/11214"}],"wp:attachment":[{"href":"https:\/\/darvilais.md\/ro\/wp-json\/wp\/v2\/media?parent=11212"}],"wp:term":[{"taxonomy":"product_brand","embeddable":true,"href":"https:\/\/darvilais.md\/ro\/wp-json\/wp\/v2\/product_brand?post=11212"},{"taxonomy":"product_cat","embeddable":true,"href":"https:\/\/darvilais.md\/ro\/wp-json\/wp\/v2\/product_cat?post=11212"},{"taxonomy":"product_tag","embeddable":true,"href":"https:\/\/darvilais.md\/ro\/wp-json\/wp\/v2\/product_tag?post=11212"}],"curies":[{"name":"wp","href":"https:\/\/api.w.org\/{rel}","templated":true}]}}