{"id":11179,"date":"2025-11-17T20:25:44","date_gmt":"2025-11-17T20:25:44","guid":{"rendered":"https:\/\/darvilais.md\/?post_type=product&#038;p=11179"},"modified":"2025-11-17T20:25:44","modified_gmt":"2025-11-17T20:25:44","slug":"carbon-fiber-case-samsung-galaxy-s23-5g","status":"publish","type":"product","link":"https:\/\/darvilais.md\/ro\/produs\/carbon-fiber-case-samsung-galaxy-s23-5g\/","title":{"rendered":"Samsung Galaxy S23 5G"},"content":{"rendered":"<h2><strong>Carcas\u0103 rezistent\u0103 la \u0219ocuri din fibr\u0103 de carbon pentru Samsung Galaxy S23 5G<\/strong><\/h2>\n<ul>\n<li class=\"p1\"><strong>Culoare: negru<\/strong><\/li>\n<li class=\"p1\"><strong>Tip: tampon rezistent la impact<\/strong><\/li>\n<li class=\"p1\"><strong>Compatibilitate: Samsung Galaxy S23 5G<\/strong><\/li>\n<li class=\"p1\"><strong>Material: TPU cu textur\u0103 de carbon<\/strong><\/li>\n<li class=\"p1\"><strong>Caracteristici: protec\u021bie camer\u0103, col\u021buri \u00eent\u0103rite, carcas\u0103 rezistent\u0103 la \u0219ocuri<\/strong><\/li>\n<li class=\"p1\"><strong>Pachetul include: carcas\u0103<\/strong><\/li>\n<li class=\"p1\"><strong>Produc\u0103tor: altul<\/strong><\/li>\n<\/ul>","protected":false},"excerpt":{"rendered":"<p><em><strong>O carcas\u0103 durabil\u0103 cu textur\u0103 de carbon pentru Samsung S23 5G. Col\u021burile \u00eent\u0103rite protejeaz\u0103 corpul \u0219i camera de impacturi.<\/strong><\/em><\/p>","protected":false},"featured_media":11180,"template":"","meta":{"_acf_changed":false},"product_brand":[364],"product_cat":[362],"product_tag":[400,1298,1300,1309],"class_list":{"0":"post-11179","1":"product","2":"type-product","3":"status-publish","4":"has-post-thumbnail","6":"product_brand-364","7":"product_cat-phone-cases","8":"product_tag-400","9":"product_tag-1298","10":"product_tag-1300","11":"product_tag-1309","13":"first","14":"instock","15":"sale","16":"taxable","17":"shipping-taxable","18":"purchasable","19":"product-type-simple","20":"add-to-wishlist-after_add_to_cart"},"acf":[],"jetpack_sharing_enabled":true,"_links":{"self":[{"href":"https:\/\/darvilais.md\/ro\/wp-json\/wp\/v2\/product\/11179","targetHints":{"allow":["GET"]}}],"collection":[{"href":"https:\/\/darvilais.md\/ro\/wp-json\/wp\/v2\/product"}],"about":[{"href":"https:\/\/darvilais.md\/ro\/wp-json\/wp\/v2\/types\/product"}],"wp:featuredmedia":[{"embeddable":true,"href":"https:\/\/darvilais.md\/ro\/wp-json\/wp\/v2\/media\/11180"}],"wp:attachment":[{"href":"https:\/\/darvilais.md\/ro\/wp-json\/wp\/v2\/media?parent=11179"}],"wp:term":[{"taxonomy":"product_brand","embeddable":true,"href":"https:\/\/darvilais.md\/ro\/wp-json\/wp\/v2\/product_brand?post=11179"},{"taxonomy":"product_cat","embeddable":true,"href":"https:\/\/darvilais.md\/ro\/wp-json\/wp\/v2\/product_cat?post=11179"},{"taxonomy":"product_tag","embeddable":true,"href":"https:\/\/darvilais.md\/ro\/wp-json\/wp\/v2\/product_tag?post=11179"}],"curies":[{"name":"wp","href":"https:\/\/api.w.org\/{rel}","templated":true}]}}