{"id":11159,"date":"2025-11-17T19:21:59","date_gmt":"2025-11-17T19:21:59","guid":{"rendered":"https:\/\/darvilais.md\/?post_type=product&#038;p=11159"},"modified":"2025-11-17T19:21:59","modified_gmt":"2025-11-17T19:21:59","slug":"liquid-silicone-case-samsung-galaxy-s23-5g","status":"publish","type":"product","link":"https:\/\/darvilais.md\/ro\/produs\/liquid-silicone-case-samsung-galaxy-s23-5g\/","title":{"rendered":"Samsung Galaxy S23 5G"},"content":{"rendered":"<h2><strong>Carcas\u0103 din silicon lichid imita\u021bie pentru Samsung Galaxy S23 5G<\/strong><\/h2>\n<ul>\n<li class=\"p1\"><strong><strong>Culoare: <\/strong><\/strong><strong>negru, verde, <\/strong><strong>albastru, violet, ro\u0219u, violet deschis, albastru deschis, verde deschis,<\/strong><\/li>\n<li class=\"p1\"><strong>Tip: pern\u0103 de silicon<\/strong><\/li>\n<li class=\"p1\"><strong>Compatibilitate: Samsung Galaxy S23 5G<\/strong><\/li>\n<li class=\"p1\"><strong>Material: silicon lichid + TPU<\/strong><\/li>\n<li class=\"p1\"><strong>Caracteristici: suprafa\u021b\u0103 moale, protec\u021bie pentru camer\u0103, fixare perfect\u0103<\/strong><\/li>\n<li class=\"p1\"><strong>Pachetul include: carcas\u0103<\/strong><\/li>\n<li class=\"p1\"><strong>Produc\u0103tor: altul<\/strong><\/li>\n<\/ul>","protected":false},"excerpt":{"rendered":"<p><em><strong>Husa moale din silicon lichid pentru Samsung S23 5G, cu protec\u021bie pentru camer\u0103 \u0219i o suprafa\u021b\u0103 pl\u0103cut\u0103 la atingere.<\/strong><\/em><\/p>","protected":false},"featured_media":11169,"template":"","meta":{"_acf_changed":false},"product_brand":[364],"product_cat":[362],"product_tag":[744,400,391,1274],"class_list":{"0":"post-11159","1":"product","2":"type-product","3":"status-publish","4":"has-post-thumbnail","6":"product_brand-364","7":"product_cat-phone-cases","8":"product_tag-744","9":"product_tag-400","10":"product_tag-391","11":"product_tag-1274","13":"first","14":"instock","15":"taxable","16":"shipping-taxable","17":"purchasable","18":"product-type-variable","19":"add-to-wishlist-after_add_to_cart"},"acf":[],"jetpack_sharing_enabled":true,"_links":{"self":[{"href":"https:\/\/darvilais.md\/ro\/wp-json\/wp\/v2\/product\/11159","targetHints":{"allow":["GET"]}}],"collection":[{"href":"https:\/\/darvilais.md\/ro\/wp-json\/wp\/v2\/product"}],"about":[{"href":"https:\/\/darvilais.md\/ro\/wp-json\/wp\/v2\/types\/product"}],"wp:featuredmedia":[{"embeddable":true,"href":"https:\/\/darvilais.md\/ro\/wp-json\/wp\/v2\/media\/11169"}],"wp:attachment":[{"href":"https:\/\/darvilais.md\/ro\/wp-json\/wp\/v2\/media?parent=11159"}],"wp:term":[{"taxonomy":"product_brand","embeddable":true,"href":"https:\/\/darvilais.md\/ro\/wp-json\/wp\/v2\/product_brand?post=11159"},{"taxonomy":"product_cat","embeddable":true,"href":"https:\/\/darvilais.md\/ro\/wp-json\/wp\/v2\/product_cat?post=11159"},{"taxonomy":"product_tag","embeddable":true,"href":"https:\/\/darvilais.md\/ro\/wp-json\/wp\/v2\/product_tag?post=11159"}],"curies":[{"name":"wp","href":"https:\/\/api.w.org\/{rel}","templated":true}]}}