{"id":11105,"date":"2025-11-14T21:26:06","date_gmt":"2025-11-14T21:26:06","guid":{"rendered":"https:\/\/darvilais.md\/?post_type=product&#038;p=11105"},"modified":"2025-11-14T21:29:58","modified_gmt":"2025-11-14T21:29:58","slug":"liquid-silicone-case-samsung-galaxy-s23-ultra","status":"publish","type":"product","link":"https:\/\/darvilais.md\/ro\/produs\/liquid-silicone-case-samsung-galaxy-s23-ultra\/","title":{"rendered":"Samsung Galaxy S23 Ultra 5G"},"content":{"rendered":"<h2><strong>Carcas\u0103 din silicon lichid imita\u021bie pentru Samsung Galaxy S23 Ultra 5G<\/strong><\/h2>\n<ul>\n<li class=\"p1\"><strong>Culoare: negru, verde deschis, liliac, alb, bej, albastru, verde, violet<\/strong><\/li>\n<li class=\"p1\"><strong>Tip: carcas\u0103 din silicon<\/strong><\/li>\n<li class=\"p1\"><strong>Compatibilitate: Samsung Galaxy S23 Ultra 5G<\/strong><\/li>\n<li class=\"p1\"><strong>Material: silicon lichid + TPU<\/strong><\/li>\n<li class=\"p1\"><strong>Caracteristici: suprafa\u021b\u0103 moale, protec\u021bie pentru camer\u0103, fixare perfect\u0103<\/strong><\/li>\n<li class=\"p1\"><strong>Pachetul include: carcas\u0103<\/strong><\/li>\n<li class=\"p1\"><strong>Produc\u0103tor: altul<\/strong><\/li>\n<\/ul>","protected":false},"excerpt":{"rendered":"<p><em><strong>Husa din silicon lichid este moale \u0219i confortabil\u0103 pentru Samsung S23 Ultra 5G. Protejeaz\u0103 camera, ofer\u0103 o prindere antiderapant\u0103 \u0219i men\u021bine un aspect elegant.<\/strong><\/em><\/p>","protected":false},"featured_media":11106,"template":"","meta":{"_acf_changed":false},"product_brand":[364],"product_cat":[362],"product_tag":[744,400,391,1300],"class_list":{"0":"post-11105","1":"product","2":"type-product","3":"status-publish","4":"has-post-thumbnail","6":"product_brand-364","7":"product_cat-phone-cases","8":"product_tag-744","9":"product_tag-400","10":"product_tag-391","11":"product_tag-1300","13":"first","14":"instock","15":"sale","16":"taxable","17":"shipping-taxable","18":"purchasable","19":"product-type-variable","20":"add-to-wishlist-after_add_to_cart"},"acf":[],"jetpack_sharing_enabled":true,"_links":{"self":[{"href":"https:\/\/darvilais.md\/ro\/wp-json\/wp\/v2\/product\/11105","targetHints":{"allow":["GET"]}}],"collection":[{"href":"https:\/\/darvilais.md\/ro\/wp-json\/wp\/v2\/product"}],"about":[{"href":"https:\/\/darvilais.md\/ro\/wp-json\/wp\/v2\/types\/product"}],"wp:featuredmedia":[{"embeddable":true,"href":"https:\/\/darvilais.md\/ro\/wp-json\/wp\/v2\/media\/11106"}],"wp:attachment":[{"href":"https:\/\/darvilais.md\/ro\/wp-json\/wp\/v2\/media?parent=11105"}],"wp:term":[{"taxonomy":"product_brand","embeddable":true,"href":"https:\/\/darvilais.md\/ro\/wp-json\/wp\/v2\/product_brand?post=11105"},{"taxonomy":"product_cat","embeddable":true,"href":"https:\/\/darvilais.md\/ro\/wp-json\/wp\/v2\/product_cat?post=11105"},{"taxonomy":"product_tag","embeddable":true,"href":"https:\/\/darvilais.md\/ro\/wp-json\/wp\/v2\/product_tag?post=11105"}],"curies":[{"name":"wp","href":"https:\/\/api.w.org\/{rel}","templated":true}]}}