{"id":11081,"date":"2025-11-13T16:56:22","date_gmt":"2025-11-13T16:56:22","guid":{"rendered":"https:\/\/darvilais.md\/?post_type=product&#038;p=11081"},"modified":"2025-11-13T16:56:23","modified_gmt":"2025-11-13T16:56:23","slug":"magsafe-pc-case-samsung-galaxy-s24-5g","status":"publish","type":"product","link":"https:\/\/darvilais.md\/ro\/produs\/magsafe-pc-case-samsung-galaxy-s24-5g\/","title":{"rendered":"Samsung Galaxy S24"},"content":{"rendered":"<h2><strong>Carcas\u0103 transparent\u0103 MagSafe anti-amprent\u0103 din PC pentru Samsung Galaxy S24 5G\u00a0<\/strong><\/h2>\n<ul>\n<li class=\"p1\"><strong>Culoare: negru, alb, albastru\u00a0<\/strong><\/li>\n<li class=\"p1\"><strong>Tip: strat magnetic transparent\u00a0<\/strong><\/li>\n<li class=\"p1\"><strong>Compatibilitate: Samsung Galaxy S24 5G\u00a0<\/strong><\/li>\n<li class=\"p1\"><strong>Material: Policarbonat (PC) + TPU\u00a0<\/strong><\/li>\n<li class=\"p1\"><strong>Caracteristici: suport MagSafe, rezisten\u021b\u0103 la amprente, col\u021buri \u00eent\u0103rite\u00a0<\/strong><\/li>\n<li class=\"p1\"><strong>Pachetul include: carcas\u0103\u00a0<\/strong><\/li>\n<li class=\"p1\"><strong>Produc\u0103tor: altul<\/strong><\/li>\n<\/ul>","protected":false},"excerpt":{"rendered":"<p><em><strong>Carcasa transparent\u0103 MagSafe pentru Samsung S24 5G este fabricat\u0103 din plastic PC durabil. Magne\u021bii, designul rezistent la amprente \u0219i designul transparent ofer\u0103 protec\u021bie \u0219i stil.<\/strong><\/em><\/p>","protected":false},"featured_media":11085,"template":"","meta":{"_acf_changed":false},"product_brand":[364],"product_cat":[362],"product_tag":[1301,435,1296,373],"class_list":{"0":"post-11081","1":"product","2":"type-product","3":"status-publish","4":"has-post-thumbnail","6":"product_brand-364","7":"product_cat-phone-cases","8":"product_tag-1301","9":"product_tag-435","10":"product_tag-1296","11":"product_tag-373","13":"first","14":"instock","15":"taxable","16":"shipping-taxable","17":"purchasable","18":"product-type-variable","19":"add-to-wishlist-after_add_to_cart"},"acf":[],"jetpack_sharing_enabled":true,"_links":{"self":[{"href":"https:\/\/darvilais.md\/ro\/wp-json\/wp\/v2\/product\/11081","targetHints":{"allow":["GET"]}}],"collection":[{"href":"https:\/\/darvilais.md\/ro\/wp-json\/wp\/v2\/product"}],"about":[{"href":"https:\/\/darvilais.md\/ro\/wp-json\/wp\/v2\/types\/product"}],"wp:featuredmedia":[{"embeddable":true,"href":"https:\/\/darvilais.md\/ro\/wp-json\/wp\/v2\/media\/11085"}],"wp:attachment":[{"href":"https:\/\/darvilais.md\/ro\/wp-json\/wp\/v2\/media?parent=11081"}],"wp:term":[{"taxonomy":"product_brand","embeddable":true,"href":"https:\/\/darvilais.md\/ro\/wp-json\/wp\/v2\/product_brand?post=11081"},{"taxonomy":"product_cat","embeddable":true,"href":"https:\/\/darvilais.md\/ro\/wp-json\/wp\/v2\/product_cat?post=11081"},{"taxonomy":"product_tag","embeddable":true,"href":"https:\/\/darvilais.md\/ro\/wp-json\/wp\/v2\/product_tag?post=11081"}],"curies":[{"name":"wp","href":"https:\/\/api.w.org\/{rel}","templated":true}]}}