{"id":11078,"date":"2025-11-13T16:16:48","date_gmt":"2025-11-13T16:16:48","guid":{"rendered":"https:\/\/darvilais.md\/?post_type=product&#038;p=11078"},"modified":"2025-11-13T16:16:49","modified_gmt":"2025-11-13T16:16:49","slug":"carbon-fiber-magsafe-case-samsung-s24-plus-5g","status":"publish","type":"product","link":"https:\/\/darvilais.md\/ro\/produs\/carbon-fiber-magsafe-case-samsung-s24-plus-5g\/","title":{"rendered":"Samsung S24 Plus 5G\u00a0"},"content":{"rendered":"<h2><strong>Carcas\u0103 MagSafe cu textur\u0103 din fibr\u0103 de carbon pentru Samsung S24 Plus 5G\u00a0<\/strong><\/h2>\n<ul>\n<li class=\"p1\"><strong>Culoare: negru\u00a0<\/strong><\/li>\n<li class=\"p1\"><strong>Tip: suprapunere magnetic\u0103\u00a0<\/strong><\/li>\n<li class=\"p1\"><strong>Compatibilitate: Samsung Galaxy S24 Plus 5G\u00a0<\/strong><\/li>\n<li class=\"p1\"><strong>Material: carbon + TPU\u00a0<\/strong><\/li>\n<li class=\"p1\"><strong>Caracteristici: suport MagSafe, protec\u021bie camer\u0103, col\u021buri \u00eent\u0103rite\u00a0<\/strong><\/li>\n<li class=\"p1\"><strong>Pachetul include: carcas\u0103\u00a0<\/strong><\/li>\n<li class=\"p1\"><strong>Produc\u0103tor:<span class=\"Apple-converted-space\">\u00a0 <\/span>altul<\/strong><\/li>\n<\/ul>","protected":false},"excerpt":{"rendered":"<p><strong><em>Husa Carbon Fiber MagSafe este o hus\u0103 rezistent\u0103 pentru Samsung S24 Plus 5G. Textura sa din fibr\u0103 de carbon, magne\u021bii \u0219i protec\u021bia camerei combin\u0103 durabilitatea cu stilul.<\/em><\/strong><\/p>","protected":false},"featured_media":11079,"template":"","meta":{"_acf_changed":false},"product_brand":[364],"product_cat":[362],"product_tag":[399,1298,1299,1300],"class_list":{"0":"post-11078","1":"product","2":"type-product","3":"status-publish","4":"has-post-thumbnail","6":"product_brand-364","7":"product_cat-phone-cases","8":"product_tag-399","9":"product_tag-1298","10":"product_tag-1299","11":"product_tag-1300","13":"first","14":"instock","15":"sale","16":"taxable","17":"shipping-taxable","18":"purchasable","19":"product-type-simple","20":"add-to-wishlist-after_add_to_cart"},"acf":[],"jetpack_sharing_enabled":true,"_links":{"self":[{"href":"https:\/\/darvilais.md\/ro\/wp-json\/wp\/v2\/product\/11078","targetHints":{"allow":["GET"]}}],"collection":[{"href":"https:\/\/darvilais.md\/ro\/wp-json\/wp\/v2\/product"}],"about":[{"href":"https:\/\/darvilais.md\/ro\/wp-json\/wp\/v2\/types\/product"}],"wp:featuredmedia":[{"embeddable":true,"href":"https:\/\/darvilais.md\/ro\/wp-json\/wp\/v2\/media\/11079"}],"wp:attachment":[{"href":"https:\/\/darvilais.md\/ro\/wp-json\/wp\/v2\/media?parent=11078"}],"wp:term":[{"taxonomy":"product_brand","embeddable":true,"href":"https:\/\/darvilais.md\/ro\/wp-json\/wp\/v2\/product_brand?post=11078"},{"taxonomy":"product_cat","embeddable":true,"href":"https:\/\/darvilais.md\/ro\/wp-json\/wp\/v2\/product_cat?post=11078"},{"taxonomy":"product_tag","embeddable":true,"href":"https:\/\/darvilais.md\/ro\/wp-json\/wp\/v2\/product_tag?post=11078"}],"curies":[{"name":"wp","href":"https:\/\/api.w.org\/{rel}","templated":true}]}}