{"id":11074,"date":"2025-11-13T16:05:07","date_gmt":"2025-11-13T16:05:07","guid":{"rendered":"https:\/\/darvilais.md\/?post_type=product&#038;p=11074"},"modified":"2025-11-13T16:05:07","modified_gmt":"2025-11-13T16:05:07","slug":"magsafe-tpu-case-samsung-galaxy-s24-plus-5g","status":"publish","type":"product","link":"https:\/\/darvilais.md\/ro\/produs\/magsafe-tpu-case-samsung-galaxy-s24-plus-5g\/","title":{"rendered":"Samsung Galaxy S24 Plus"},"content":{"rendered":"<h2><strong>Carcas\u0103 magnetic\u0103 acrilic\u0103 TPU MagSafe pentru Samsung Galaxy S24 Plus 5G\u00a0<\/strong><\/h2>\n<ul>\n<li class=\"p1\"><strong>Culoare: transparent\u0103\u00a0<\/strong><\/li>\n<li class=\"p1\"><strong>Tip: carcas\u0103 magnetic\u0103 de protec\u021bie\u00a0<\/strong><\/li>\n<li class=\"p1\"><strong>Compatibilitate: Samsung Galaxy S24+ 5G\u00a0<\/strong><\/li>\n<li class=\"p1\"><strong>Material: Acrilic + TPU\u00a0<\/strong><\/li>\n<li class=\"p1\"><strong>Caracteristici: suport MagSafe, col\u021buri \u00eent\u0103rite, protec\u021bie camer\u0103\u00a0<\/strong><\/li>\n<li class=\"p1\"><strong>Pachetul include: carcas\u0103\u00a0<\/strong><\/li>\n<li class=\"p1\"><strong>Produc\u0103tor: altul<\/strong><\/li>\n<\/ul>","protected":false},"excerpt":{"rendered":"<p><em><strong>Carcasa MagSafe Acrylic TPU este o carcas\u0103 transparent\u0103 pentru Samsung S24+ 5G. \u00cenchiderea magnetic\u0103, acrilul durabil \u0219i col\u021burile \u00eent\u0103rite ofer\u0103 o protec\u021bie fiabil\u0103.<\/strong><\/em><\/p>","protected":false},"featured_media":11075,"template":"","meta":{"_acf_changed":false},"product_brand":[364],"product_cat":[362],"product_tag":[1297,435,1296,373],"class_list":{"0":"post-11074","1":"product","2":"type-product","3":"status-publish","4":"has-post-thumbnail","6":"product_brand-364","7":"product_cat-phone-cases","8":"product_tag-1297","9":"product_tag-435","10":"product_tag-1296","11":"product_tag-373","13":"first","14":"instock","15":"taxable","16":"shipping-taxable","17":"purchasable","18":"product-type-simple","19":"add-to-wishlist-after_add_to_cart"},"acf":[],"jetpack_sharing_enabled":true,"_links":{"self":[{"href":"https:\/\/darvilais.md\/ro\/wp-json\/wp\/v2\/product\/11074","targetHints":{"allow":["GET"]}}],"collection":[{"href":"https:\/\/darvilais.md\/ro\/wp-json\/wp\/v2\/product"}],"about":[{"href":"https:\/\/darvilais.md\/ro\/wp-json\/wp\/v2\/types\/product"}],"wp:featuredmedia":[{"embeddable":true,"href":"https:\/\/darvilais.md\/ro\/wp-json\/wp\/v2\/media\/11075"}],"wp:attachment":[{"href":"https:\/\/darvilais.md\/ro\/wp-json\/wp\/v2\/media?parent=11074"}],"wp:term":[{"taxonomy":"product_brand","embeddable":true,"href":"https:\/\/darvilais.md\/ro\/wp-json\/wp\/v2\/product_brand?post=11074"},{"taxonomy":"product_cat","embeddable":true,"href":"https:\/\/darvilais.md\/ro\/wp-json\/wp\/v2\/product_cat?post=11074"},{"taxonomy":"product_tag","embeddable":true,"href":"https:\/\/darvilais.md\/ro\/wp-json\/wp\/v2\/product_tag?post=11074"}],"curies":[{"name":"wp","href":"https:\/\/api.w.org\/{rel}","templated":true}]}}