{"id":11067,"date":"2025-11-13T14:03:10","date_gmt":"2025-11-13T14:03:10","guid":{"rendered":"https:\/\/darvilais.md\/?post_type=product&#038;p=11067"},"modified":"2025-11-13T14:03:10","modified_gmt":"2025-11-13T14:03:10","slug":"hoco-hc9-dazzling-pulse-bluetooth-speaker","status":"publish","type":"product","link":"https:\/\/darvilais.md\/ro\/produs\/hoco-hc9-dazzling-pulse-bluetooth-speaker\/","title":{"rendered":"Hoco HC9"},"content":{"rendered":"<h2><strong>Box\u0103 sport Hoco HC9 Dazzling Pulse Bluetooth\u00a0<\/strong><\/h2>\n<ul>\n<li class=\"p1\"><strong>Culoare: negru\u00a0<\/strong><\/li>\n<li class=\"p1\"><strong>Tip: difuzor Bluetooth portabil\u00a0<\/strong><\/li>\n<li class=\"p1\"><strong>Compatibilitate: smartphone-uri, tablete, laptopuri\u00a0<\/strong><\/li>\n<li class=\"p1\"><strong>Material: ABS + material textil\u00a0<\/strong><\/li>\n<li class=\"p1\"><strong>Putere: 10 W\u00a0<\/strong><\/li>\n<li class=\"p1\"><strong>Timp de func\u021bionare: p\u00e2n\u0103 la 6 ore\u00a0<\/strong><\/li>\n<li class=\"p1\"><strong>Caracteristici: iluminare din spate, protec\u021bie IPX4, microSD \u0219i AUX\u00a0<\/strong><\/li>\n<li class=\"p1\"><strong>Con\u021binutul pachetului: difuzor, cablu Type-C\u00a0<\/strong><\/li>\n<li class=\"p1\"><strong>Producator: Hoco\u00a0<\/strong><\/li>\n<\/ul>\n<p><strong><span class=\"s1\">Confirmat: <\/span><a href=\"https:\/\/hocotech.com\/product\/audio\/wireless-speakers\/wireless-speaker-hc9-dazzling-pulse-sports-portable-loudspeaker\/\" target=\"_blank\" rel=\"noopener\">https:\/\/hocotech.com\/product\/audio\/wireless-speakers\/wireless-speaker-hc9-dazzling-pulse-sports-portable-loudspeaker\/<\/a><\/strong><\/p>","protected":false},"excerpt":{"rendered":"<p><strong><em>Hoco HC9 Dazzling Pulse este o box\u0103 Bluetooth portabil\u0103 cu iluminare din spate vibrant\u0103 \u0219i sunet clar. Este rezistent\u0103 la ap\u0103, fiind ideal\u0103 pentru c\u0103l\u0103torii \u0219i antrenamente.<\/em><\/strong><\/p>","protected":false},"featured_media":11070,"template":"","meta":{"_acf_changed":false},"product_brand":[286],"product_cat":[235],"product_tag":[912,1293,446,1292],"class_list":{"0":"post-11067","1":"product","2":"type-product","3":"status-publish","4":"has-post-thumbnail","6":"product_brand-hoco","7":"product_cat-speakers","8":"product_tag-bluetooth-","9":"product_tag-1293","10":"product_tag-446","11":"product_tag-1292","13":"first","14":"instock","15":"sale","16":"taxable","17":"shipping-taxable","18":"purchasable","19":"product-type-simple","20":"add-to-wishlist-after_add_to_cart"},"acf":[],"jetpack_sharing_enabled":true,"_links":{"self":[{"href":"https:\/\/darvilais.md\/ro\/wp-json\/wp\/v2\/product\/11067","targetHints":{"allow":["GET"]}}],"collection":[{"href":"https:\/\/darvilais.md\/ro\/wp-json\/wp\/v2\/product"}],"about":[{"href":"https:\/\/darvilais.md\/ro\/wp-json\/wp\/v2\/types\/product"}],"wp:featuredmedia":[{"embeddable":true,"href":"https:\/\/darvilais.md\/ro\/wp-json\/wp\/v2\/media\/11070"}],"wp:attachment":[{"href":"https:\/\/darvilais.md\/ro\/wp-json\/wp\/v2\/media?parent=11067"}],"wp:term":[{"taxonomy":"product_brand","embeddable":true,"href":"https:\/\/darvilais.md\/ro\/wp-json\/wp\/v2\/product_brand?post=11067"},{"taxonomy":"product_cat","embeddable":true,"href":"https:\/\/darvilais.md\/ro\/wp-json\/wp\/v2\/product_cat?post=11067"},{"taxonomy":"product_tag","embeddable":true,"href":"https:\/\/darvilais.md\/ro\/wp-json\/wp\/v2\/product_tag?post=11067"}],"curies":[{"name":"wp","href":"https:\/\/api.w.org\/{rel}","templated":true}]}}