{"id":11062,"date":"2025-11-12T15:51:05","date_gmt":"2025-11-12T15:51:05","guid":{"rendered":"https:\/\/darvilais.md\/?post_type=product&#038;p=11062"},"modified":"2025-11-12T15:51:06","modified_gmt":"2025-11-12T15:51:06","slug":"waterproof-tpu-case-samsung-s24-ultra-5g","status":"publish","type":"product","link":"https:\/\/darvilais.md\/ro\/produs\/waterproof-tpu-case-samsung-s24-ultra-5g\/","title":{"rendered":"Samsung S24 Ultra 5G"},"content":{"rendered":"<h2><strong>Carcas\u0103 TPU cu textur\u0103 impermeabil\u0103 pentru Samsung S24 Ultra 5G\u00a0<\/strong><\/h2>\n<ul>\n<li class=\"p1\"><strong>Culoare: transparent\u0103\u00a0<\/strong><\/li>\n<li class=\"p1\"><strong>Tip: carcas\u0103 de protec\u021bie rezistent\u0103 la \u0219ocuri\u00a0<\/strong><\/li>\n<li class=\"p1\"><strong>Compatibilitate: Samsung Galaxy S24 Ultra 5G\u00a0<\/strong><\/li>\n<li class=\"p1\"><strong>Material: TPU (transparent)\u00a0<\/strong><\/li>\n<li class=\"p1\"><strong>Caracteristici: Impermeabil, Antiderapant, Protec\u021bie camer\u0103\u00a0<\/strong><\/li>\n<li class=\"p1\"><strong>Pachetul include: carcas\u0103\u00a0<\/strong><\/li>\n<li class=\"p1\"><strong>Produc\u0103tor: altul<\/strong><\/li>\n<\/ul>","protected":false},"excerpt":{"rendered":"<p><em><strong>O hus\u0103 transparent\u0103 impermeabil\u0103 din TPU pentru Samsung S24 Ultra 5G. Protejeaz\u0103 husa \u0219i camera, ofer\u0103 o prindere antiderapant\u0103 \u0219i men\u021bine un aspect elegant.<\/strong><\/em><\/p>","protected":false},"featured_media":11064,"template":"","meta":{"_acf_changed":false},"product_brand":[364],"product_cat":[362],"product_tag":[],"class_list":{"0":"post-11062","1":"product","2":"type-product","3":"status-publish","4":"has-post-thumbnail","6":"product_brand-364","7":"product_cat-phone-cases","9":"first","10":"instock","11":"sale","12":"taxable","13":"shipping-taxable","14":"purchasable","15":"product-type-simple","16":"add-to-wishlist-after_add_to_cart"},"acf":[],"jetpack_sharing_enabled":true,"_links":{"self":[{"href":"https:\/\/darvilais.md\/ro\/wp-json\/wp\/v2\/product\/11062","targetHints":{"allow":["GET"]}}],"collection":[{"href":"https:\/\/darvilais.md\/ro\/wp-json\/wp\/v2\/product"}],"about":[{"href":"https:\/\/darvilais.md\/ro\/wp-json\/wp\/v2\/types\/product"}],"wp:featuredmedia":[{"embeddable":true,"href":"https:\/\/darvilais.md\/ro\/wp-json\/wp\/v2\/media\/11064"}],"wp:attachment":[{"href":"https:\/\/darvilais.md\/ro\/wp-json\/wp\/v2\/media?parent=11062"}],"wp:term":[{"taxonomy":"product_brand","embeddable":true,"href":"https:\/\/darvilais.md\/ro\/wp-json\/wp\/v2\/product_brand?post=11062"},{"taxonomy":"product_cat","embeddable":true,"href":"https:\/\/darvilais.md\/ro\/wp-json\/wp\/v2\/product_cat?post=11062"},{"taxonomy":"product_tag","embeddable":true,"href":"https:\/\/darvilais.md\/ro\/wp-json\/wp\/v2\/product_tag?post=11062"}],"curies":[{"name":"wp","href":"https:\/\/api.w.org\/{rel}","templated":true}]}}