{"id":11036,"date":"2025-11-12T14:37:32","date_gmt":"2025-11-12T14:37:32","guid":{"rendered":"https:\/\/darvilais.md\/?post_type=product&#038;p=11036"},"modified":"2025-11-12T14:37:32","modified_gmt":"2025-11-12T14:37:32","slug":"berlia-metal-magsafe-case-samsung-s24-ultra","status":"publish","type":"product","link":"https:\/\/darvilais.md\/ro\/produs\/berlia-metal-magsafe-case-samsung-s24-ultra\/","title":{"rendered":"Samsung S24 Ultra"},"content":{"rendered":"<h2><strong>Carcas\u0103 magnetic\u0103 MagSafe Berlia Metal Armor pentru Samsung S24 Ultra<\/strong><\/h2>\n<ul>\n<li class=\"p1\"><strong>Culoare: negru, gri<\/strong><\/li>\n<li class=\"p1\"><strong>Tip: tampon de protec\u021bie<\/strong><\/li>\n<li class=\"p1\"><strong>Compatibilitate: Samsung Galaxy S24 Ultra<\/strong><\/li>\n<li class=\"p1\"><strong>Material: Metal + TPU<\/strong><\/li>\n<li class=\"p1\"><strong>Caracteristici: magne\u021bi MagSafe, protec\u021bie pentru camer\u0103, col\u021buri \u00eent\u0103rite<\/strong><\/li>\n<li class=\"p1\"><strong>Pachetul include: carcas\u0103<\/strong><\/li>\n<li class=\"p1\"><strong>Produc\u0103tor: altul<\/strong><\/li>\n<\/ul>","protected":false},"excerpt":{"rendered":"<p><strong><em>Protec\u021bie maxim\u0103 \u0219i stil: husa Berlia Metal Armor MagSafe pentru Samsung S24 Ultra. Magne\u021bii, carcasa durabil\u0103 \u0219i protec\u021bia camerei asigur\u0103 o utilizare zilnic\u0103 fiabil\u0103 \u0219i convenabil\u0103.<\/em><\/strong><\/p>","protected":false},"featured_media":11041,"template":"","meta":{"_acf_changed":false},"product_brand":[364],"product_cat":[362],"product_tag":[1291,399,1290,1289],"class_list":{"0":"post-11036","1":"product","2":"type-product","3":"status-publish","4":"has-post-thumbnail","6":"product_brand-364","7":"product_cat-phone-cases","8":"product_tag-1291","9":"product_tag-399","10":"product_tag-1290","11":"product_tag---samsung","13":"first","14":"instock","15":"taxable","16":"shipping-taxable","17":"purchasable","18":"product-type-variable","19":"add-to-wishlist-after_add_to_cart"},"acf":[],"jetpack_sharing_enabled":true,"_links":{"self":[{"href":"https:\/\/darvilais.md\/ro\/wp-json\/wp\/v2\/product\/11036","targetHints":{"allow":["GET"]}}],"collection":[{"href":"https:\/\/darvilais.md\/ro\/wp-json\/wp\/v2\/product"}],"about":[{"href":"https:\/\/darvilais.md\/ro\/wp-json\/wp\/v2\/types\/product"}],"wp:featuredmedia":[{"embeddable":true,"href":"https:\/\/darvilais.md\/ro\/wp-json\/wp\/v2\/media\/11041"}],"wp:attachment":[{"href":"https:\/\/darvilais.md\/ro\/wp-json\/wp\/v2\/media?parent=11036"}],"wp:term":[{"taxonomy":"product_brand","embeddable":true,"href":"https:\/\/darvilais.md\/ro\/wp-json\/wp\/v2\/product_brand?post=11036"},{"taxonomy":"product_cat","embeddable":true,"href":"https:\/\/darvilais.md\/ro\/wp-json\/wp\/v2\/product_cat?post=11036"},{"taxonomy":"product_tag","embeddable":true,"href":"https:\/\/darvilais.md\/ro\/wp-json\/wp\/v2\/product_tag?post=11036"}],"curies":[{"name":"wp","href":"https:\/\/api.w.org\/{rel}","templated":true}]}}