{"id":11025,"date":"2025-11-11T20:28:50","date_gmt":"2025-11-11T18:28:50","guid":{"rendered":"https:\/\/darvilais.md\/?post_type=product&#038;p=11025"},"modified":"2026-05-04T14:04:49","modified_gmt":"2026-05-04T11:04:49","slug":"wiwu-mk-002-magic-keyboard-ipad-10-2022","status":"publish","type":"product","link":"https:\/\/darvilais.md\/ro\/produs\/wiwu-mk-002-magic-keyboard-ipad-10-2022\/","title":{"rendered":"Tastatur\u0103 magic\u0103 WIWU MK-002 pentru iPad 10 (2022) 10.9"},"content":{"rendered":"<h2><strong>Tastatur\u0103 magic\u0103 WIWU MK-002 pentru iPad 10 (2022), 10.9<\/strong><\/h2>\n<ul>\n<li class=\"p1\"><strong>Culoare: negru<\/strong><\/li>\n<li class=\"p1\"><strong>Tip: carcas\u0103 pentru tastatur\u0103<\/strong><\/li>\n<li class=\"p1\"><strong>Compatibilitate: iPad 10 (2022), iPad 10.9<\/strong><\/li>\n<li class=\"p1\"><strong>Material: ABS + PU<\/strong><\/li>\n<li class=\"p1\"><strong>Interfe\u021be: Bluetooth<\/strong><\/li>\n<li class=\"p1\"><strong>Caracteristici: suport, montare magnetic\u0103, iluminare din spate<\/strong><\/li>\n<li class=\"p1\"><strong>Pachetul include: hus\u0103 pentru tastatur\u0103<\/strong><\/li>\n<li class=\"p1\"><strong>Produc\u0103tor: WIWU<\/strong><\/li>\n<\/ul>\n<p><strong><span class=\"s1\">Confirmat: <\/span><a href=\"https:\/\/www.wiwu.com\/wiwu-magic-keyboard-mk-002-pro-strong-magnetic-attached-lightweight-tablet-keyboard-case.html\" target=\"_blank\" rel=\"noopener\">https:\/\/www.wiwu.com\/wiwu-magic-keyboard-mk-002-pro-strong-magnetic-attached-lightweight-tablet-keyboard-case.html<\/a><\/strong><\/p>","protected":false},"excerpt":{"rendered":"<p><em><strong>Tastatura Magic\u0103 WIWU MK-002 este compatibil\u0103 cu iPad 10 (2022). Iluminarea din spate, Bluetooth \u0219i suportul asigur\u0103 o tastare confortabil\u0103.<\/strong><\/em><\/p>","protected":false},"featured_media":11027,"template":"","meta":{"_acf_changed":false},"product_brand":[307],"product_cat":[363],"product_tag":[1282,1285,1283,1284],"class_list":{"0":"post-11025","1":"product","2":"type-product","3":"status-publish","4":"has-post-thumbnail","6":"product_brand-wiwu","7":"product_cat-tablet-cases","8":"product_tag-bluetooth-","9":"product_tag-1285","10":"product_tag---ipad","11":"product_tag-1284","13":"first","14":"outofstock","15":"sale","16":"taxable","17":"shipping-taxable","18":"purchasable","19":"product-type-simple","20":"add-to-wishlist-after_add_to_cart"},"acf":[],"jetpack_sharing_enabled":true,"_links":{"self":[{"href":"https:\/\/darvilais.md\/ro\/wp-json\/wp\/v2\/product\/11025","targetHints":{"allow":["GET"]}}],"collection":[{"href":"https:\/\/darvilais.md\/ro\/wp-json\/wp\/v2\/product"}],"about":[{"href":"https:\/\/darvilais.md\/ro\/wp-json\/wp\/v2\/types\/product"}],"wp:featuredmedia":[{"embeddable":true,"href":"https:\/\/darvilais.md\/ro\/wp-json\/wp\/v2\/media\/11027"}],"wp:attachment":[{"href":"https:\/\/darvilais.md\/ro\/wp-json\/wp\/v2\/media?parent=11025"}],"wp:term":[{"taxonomy":"product_brand","embeddable":true,"href":"https:\/\/darvilais.md\/ro\/wp-json\/wp\/v2\/product_brand?post=11025"},{"taxonomy":"product_cat","embeddable":true,"href":"https:\/\/darvilais.md\/ro\/wp-json\/wp\/v2\/product_cat?post=11025"},{"taxonomy":"product_tag","embeddable":true,"href":"https:\/\/darvilais.md\/ro\/wp-json\/wp\/v2\/product_tag?post=11025"}],"curies":[{"name":"wp","href":"https:\/\/api.w.org\/{rel}","templated":true}]}}