{"id":11018,"date":"2025-11-11T19:47:39","date_gmt":"2025-11-11T17:47:39","guid":{"rendered":"https:\/\/darvilais.md\/?post_type=product&#038;p=11018"},"modified":"2026-05-04T14:00:25","modified_gmt":"2026-05-04T11:00:25","slug":"silicone-clear-case-ipad-air-2020-10-9","status":"publish","type":"product","link":"https:\/\/darvilais.md\/ro\/produs\/silicone-clear-case-ipad-air-2020-10-9\/","title":{"rendered":"Hus\u0103 transparent\u0103 din silicon pentru iPad Air 2020"},"content":{"rendered":"<h2><strong>Hus\u0103 transparent\u0103 din silicon pentru iPad Air 2020 (10.9)<\/strong><\/h2>\n<ul>\n<li class=\"p1\"><strong>Culoare: transparent\u0103<\/strong><\/li>\n<li class=\"p1\"><strong>Tip: carcas\u0103 de protec\u021bie din silicon<\/strong><\/li>\n<li class=\"p1\"><strong>Compatibilitate: iPad Air 2020 (10.9)<\/strong><\/li>\n<li class=\"p1\"><strong>Material: silicon (TPU)<\/strong><\/li>\n<li class=\"p1\"><strong>Caracteristici: sub\u021bire, flexibil, antiderapant<\/strong><\/li>\n<li class=\"p1\"><strong>Pachetul include: carcas\u0103<\/strong><\/li>\n<li class=\"p1\"><strong>Produc\u0103tor: altul<\/strong><\/li>\n<\/ul>","protected":false},"excerpt":{"rendered":"<p><em><strong>O hus\u0103 transparent\u0103 din silicon pentru iPad Air 2020. Sub\u021bire, flexibil\u0103 \u0219i protejeaz\u0103 husa de zg\u00e2rieturi \u0219i impacturi.<\/strong><\/em><\/p>","protected":false},"featured_media":11019,"template":"","meta":{"_acf_changed":false},"product_brand":[364],"product_cat":[363],"product_tag":[1287,373,390,1280],"class_list":{"0":"post-11018","1":"product","2":"type-product","3":"status-publish","4":"has-post-thumbnail","6":"product_brand-364","7":"product_cat-tablet-cases","8":"product_tag-1287","9":"product_tag-373","10":"product_tag-390","11":"product_tag---ipad","13":"first","14":"outofstock","15":"sale","16":"taxable","17":"shipping-taxable","18":"purchasable","19":"product-type-simple","20":"add-to-wishlist-after_add_to_cart"},"acf":[],"jetpack_sharing_enabled":true,"_links":{"self":[{"href":"https:\/\/darvilais.md\/ro\/wp-json\/wp\/v2\/product\/11018","targetHints":{"allow":["GET"]}}],"collection":[{"href":"https:\/\/darvilais.md\/ro\/wp-json\/wp\/v2\/product"}],"about":[{"href":"https:\/\/darvilais.md\/ro\/wp-json\/wp\/v2\/types\/product"}],"wp:featuredmedia":[{"embeddable":true,"href":"https:\/\/darvilais.md\/ro\/wp-json\/wp\/v2\/media\/11019"}],"wp:attachment":[{"href":"https:\/\/darvilais.md\/ro\/wp-json\/wp\/v2\/media?parent=11018"}],"wp:term":[{"taxonomy":"product_brand","embeddable":true,"href":"https:\/\/darvilais.md\/ro\/wp-json\/wp\/v2\/product_brand?post=11018"},{"taxonomy":"product_cat","embeddable":true,"href":"https:\/\/darvilais.md\/ro\/wp-json\/wp\/v2\/product_cat?post=11018"},{"taxonomy":"product_tag","embeddable":true,"href":"https:\/\/darvilais.md\/ro\/wp-json\/wp\/v2\/product_tag?post=11018"}],"curies":[{"name":"wp","href":"https:\/\/api.w.org\/{rel}","templated":true}]}}