{"id":10998,"date":"2025-11-11T18:39:57","date_gmt":"2025-11-11T16:39:57","guid":{"rendered":"https:\/\/darvilais.md\/?post_type=product&#038;p=10998"},"modified":"2026-05-04T14:04:06","modified_gmt":"2026-05-04T11:04:06","slug":"wiwu-combo-keyboard-ipad-10-2-10-5","status":"publish","type":"product","link":"https:\/\/darvilais.md\/ro\/produs\/wiwu-combo-keyboard-ipad-10-2-10-5\/","title":{"rendered":"Tastatur\u0103 combinat\u0103 WIWU iPad 10.2\/10.5"},"content":{"rendered":"<h2><strong>Tastatur\u0103 combinat\u0103 WIWU versiunea \u00een limba englez\u0103 pentru iPad 10.2\/10.5<\/strong><\/h2>\n<ul>\n<li class=\"p1\"><strong>Culoare: negru<\/strong><\/li>\n<li class=\"p1\"><strong>Tip: carcas\u0103 pentru tastatur\u0103<\/strong><\/li>\n<li class=\"p1\"><strong>Compatibilitate: iPad 10.2, iPad 10.5<\/strong><\/li>\n<li class=\"p1\"><strong>Material: PU + ABS<\/strong><\/li>\n<li class=\"p1\"><strong>Interfe\u021be: Bluetooth<\/strong><\/li>\n<li class=\"p1\"><strong>Caracteristici: suport, suport magnetic, tastatur\u0103 de dimensiuni normale<\/strong><\/li>\n<li class=\"p1\"><strong>Pachetul include: hus\u0103 pentru tastatur\u0103<\/strong><\/li>\n<li class=\"p1\"><strong>Produc\u0103tor: WIWU<\/strong><\/li>\n<\/ul>\n<p><strong><span class=\"s1\">Confirmat: <\/span><a href=\"https:\/\/www.wiwu.com\/Combo-Touch-iPad-Keyboard-Case-WiWU-html\" target=\"_blank\" rel=\"noopener\">https:\/\/www.wiwu.com\/Combo-Touch-iPad-Keyboard-Case-WiWU-html<\/a><\/strong><\/p>","protected":false},"excerpt":{"rendered":"<p><em><strong>Hus\u0103 cu tastatur\u0103 WIWU Combo pentru iPad 10.2\/10.5. Layout \u00een limba englez\u0103, \u00eenchidere magnetic\u0103 \u0219i suport. U\u0219oar\u0103, durabil\u0103 \u0219i confortabil\u0103 pentru utilizare zilnic\u0103.<\/strong><\/em><\/p>","protected":false},"featured_media":11001,"template":"","meta":{"_acf_changed":false},"product_brand":[307],"product_cat":[363],"product_tag":[1282,1285,1283,1284],"class_list":{"0":"post-10998","1":"product","2":"type-product","3":"status-publish","4":"has-post-thumbnail","6":"product_brand-wiwu","7":"product_cat-tablet-cases","8":"product_tag-bluetooth-","9":"product_tag-1285","10":"product_tag---ipad","11":"product_tag-1284","13":"first","14":"outofstock","15":"taxable","16":"shipping-taxable","17":"purchasable","18":"product-type-simple","19":"add-to-wishlist-after_add_to_cart"},"acf":[],"jetpack_sharing_enabled":true,"_links":{"self":[{"href":"https:\/\/darvilais.md\/ro\/wp-json\/wp\/v2\/product\/10998","targetHints":{"allow":["GET"]}}],"collection":[{"href":"https:\/\/darvilais.md\/ro\/wp-json\/wp\/v2\/product"}],"about":[{"href":"https:\/\/darvilais.md\/ro\/wp-json\/wp\/v2\/types\/product"}],"wp:featuredmedia":[{"embeddable":true,"href":"https:\/\/darvilais.md\/ro\/wp-json\/wp\/v2\/media\/11001"}],"wp:attachment":[{"href":"https:\/\/darvilais.md\/ro\/wp-json\/wp\/v2\/media?parent=10998"}],"wp:term":[{"taxonomy":"product_brand","embeddable":true,"href":"https:\/\/darvilais.md\/ro\/wp-json\/wp\/v2\/product_brand?post=10998"},{"taxonomy":"product_cat","embeddable":true,"href":"https:\/\/darvilais.md\/ro\/wp-json\/wp\/v2\/product_cat?post=10998"},{"taxonomy":"product_tag","embeddable":true,"href":"https:\/\/darvilais.md\/ro\/wp-json\/wp\/v2\/product_tag?post=10998"}],"curies":[{"name":"wp","href":"https:\/\/api.w.org\/{rel}","templated":true}]}}