{"id":10959,"date":"2025-11-10T16:53:33","date_gmt":"2025-11-10T14:53:33","guid":{"rendered":"https:\/\/darvilais.md\/?post_type=product&#038;p=10959"},"modified":"2026-05-04T14:02:15","modified_gmt":"2026-05-04T11:02:15","slug":"wiwu-classic-iii-case-ipad-10-2022","status":"publish","type":"product","link":"https:\/\/darvilais.md\/ro\/produs\/wiwu-classic-iii-case-ipad-10-2022\/","title":{"rendered":"WIWU Classic III iPad 10 (2022)"},"content":{"rendered":"<h2><strong>Hus\u0103 WIWU Classic III pentru iPad 10 (2022)<\/strong><\/h2>\n<ul>\n<li class=\"p1\"><strong>Culoare: negru, albastru, gri, roz<\/strong><\/li>\n<li class=\"p1\"><strong>Tip: carcas\u0103 de protec\u021bie<\/strong><\/li>\n<li class=\"p1\"><strong>Compatibilitate: iPad 10 (2022)<\/strong><\/li>\n<li class=\"p1\"><strong>Material: PU + TPU<\/strong><\/li>\n<li class=\"p1\"><strong>Caracteristici: oprire automat\u0103, suport, col\u021buri \u00eent\u0103rite<\/strong><\/li>\n<li class=\"p1\"><strong>Pachetul include: carcas\u0103<\/strong><\/li>\n<li class=\"p1\"><strong>Produc\u0103tor: WIWU<\/strong><\/li>\n<\/ul>\n<p><strong><span class=\"s1\">Confirmat: <\/span><a href=\"https:\/\/www.wiwu.com\/wiwu-classic-iii-case-for-ipad-full-protection-tablet-case-gf-003.html\" target=\"_blank\" rel=\"noopener\">https:\/\/www.wiwu.com\/wiwu-classic-iii-case-for-ipad-full-protection-tablet-case-gf-003.html<\/a><\/strong><\/p>","protected":false},"excerpt":{"rendered":"<p><em><strong>WIWU Classic III v\u0103 protejeaz\u0103 iPad-ul 10 (2022). Carcasa sa durabil\u0103, func\u021bia de repaus automat \u0219i suportul convenabil \u00eel fac confortabil de utilizat \u00een fiecare zi.<\/strong><\/em><\/p>","protected":false},"featured_media":10968,"template":"","meta":{"_acf_changed":false},"product_brand":[307],"product_cat":[363],"product_tag":[1285,1287,1286,1280],"class_list":{"0":"post-10959","1":"product","2":"type-product","3":"status-publish","4":"has-post-thumbnail","6":"product_brand-wiwu","7":"product_cat-tablet-cases","8":"product_tag-1285","9":"product_tag-1287","10":"product_tag-1286","11":"product_tag---ipad","13":"first","14":"outofstock","15":"sale","16":"taxable","17":"shipping-taxable","18":"purchasable","19":"product-type-variable","20":"add-to-wishlist-after_add_to_cart"},"acf":[],"jetpack_sharing_enabled":true,"_links":{"self":[{"href":"https:\/\/darvilais.md\/ro\/wp-json\/wp\/v2\/product\/10959","targetHints":{"allow":["GET"]}}],"collection":[{"href":"https:\/\/darvilais.md\/ro\/wp-json\/wp\/v2\/product"}],"about":[{"href":"https:\/\/darvilais.md\/ro\/wp-json\/wp\/v2\/types\/product"}],"wp:featuredmedia":[{"embeddable":true,"href":"https:\/\/darvilais.md\/ro\/wp-json\/wp\/v2\/media\/10968"}],"wp:attachment":[{"href":"https:\/\/darvilais.md\/ro\/wp-json\/wp\/v2\/media?parent=10959"}],"wp:term":[{"taxonomy":"product_brand","embeddable":true,"href":"https:\/\/darvilais.md\/ro\/wp-json\/wp\/v2\/product_brand?post=10959"},{"taxonomy":"product_cat","embeddable":true,"href":"https:\/\/darvilais.md\/ro\/wp-json\/wp\/v2\/product_cat?post=10959"},{"taxonomy":"product_tag","embeddable":true,"href":"https:\/\/darvilais.md\/ro\/wp-json\/wp\/v2\/product_tag?post=10959"}],"curies":[{"name":"wp","href":"https:\/\/api.w.org\/{rel}","templated":true}]}}