{"id":10913,"date":"2025-11-09T22:07:09","date_gmt":"2025-11-09T20:07:09","guid":{"rendered":"https:\/\/darvilais.md\/?post_type=product&#038;p=10913"},"modified":"2026-05-04T14:01:30","modified_gmt":"2026-05-04T11:01:30","slug":"wiwu-classic-ii-case-ipad-10-9-2022","status":"publish","type":"product","link":"https:\/\/darvilais.md\/ro\/produs\/wiwu-classic-ii-case-ipad-10-9-2022\/","title":{"rendered":"WIWU Classic II iPad 10.9"},"content":{"rendered":"<h2><strong>Hus\u0103 WIWU Classic II pentru iPad 10.9 (2022)<\/strong><\/h2>\n<ul>\n<li class=\"p1\"><strong>Culoare: albastru \u00eenchis<\/strong><\/li>\n<li class=\"p1\"><strong>Tip: carcas\u0103 de protec\u021bie<\/strong><\/li>\n<li class=\"p1\"><strong>Compatibilitate: iPad 10.9 (2022)<\/strong><\/li>\n<li class=\"p1\"><strong>Material: PU + TPU<\/strong><\/li>\n<li class=\"p1\"><strong>Caracteristici: oprire automat\u0103, suport, protec\u021bie la \u0219ocuri<\/strong><\/li>\n<li class=\"p1\"><strong>Pachetul include: carcas\u0103<\/strong><\/li>\n<li class=\"p1\"><strong>Produc\u0103tor: WIWU<\/strong><\/li>\n<\/ul>\n<p><strong><span class=\"s1\">Confirmat: <\/span><a href=\"https:\/\/www.wiwu.com\/WiWU-Classic-II-Case-For-iPad-10.2.Html\" target=\"_blank\" rel=\"noopener\">https:\/\/www.wiwu.com\/WiWU-Classic-II-Case-For-iPad-10.2.Html<\/a><\/strong><\/p>","protected":false},"excerpt":{"rendered":"<p><em><strong>WIWU Classic II este o hus\u0103 de protec\u021bie pentru iPad 10.9 (2022) cu func\u021bie de auto-sleep \u0219i suport. Este durabil\u0103 \u0219i u\u0219or de utilizat. Cump\u0103r\u0103 \u00een Moldova cu livrare gratuit\u0103 \u0219i garan\u021bie.<\/strong><\/em><\/p>","protected":false},"featured_media":10915,"template":"","meta":{"_acf_changed":false},"product_brand":[307],"product_cat":[363],"product_tag":[1285,1287,1286,1280],"class_list":{"0":"post-10913","1":"product","2":"type-product","3":"status-publish","4":"has-post-thumbnail","6":"product_brand-wiwu","7":"product_cat-tablet-cases","8":"product_tag-1285","9":"product_tag-1287","10":"product_tag-1286","11":"product_tag---ipad","13":"first","14":"outofstock","15":"taxable","16":"shipping-taxable","17":"purchasable","18":"product-type-simple","19":"add-to-wishlist-after_add_to_cart"},"acf":[],"jetpack_sharing_enabled":true,"_links":{"self":[{"href":"https:\/\/darvilais.md\/ro\/wp-json\/wp\/v2\/product\/10913","targetHints":{"allow":["GET"]}}],"collection":[{"href":"https:\/\/darvilais.md\/ro\/wp-json\/wp\/v2\/product"}],"about":[{"href":"https:\/\/darvilais.md\/ro\/wp-json\/wp\/v2\/types\/product"}],"wp:featuredmedia":[{"embeddable":true,"href":"https:\/\/darvilais.md\/ro\/wp-json\/wp\/v2\/media\/10915"}],"wp:attachment":[{"href":"https:\/\/darvilais.md\/ro\/wp-json\/wp\/v2\/media?parent=10913"}],"wp:term":[{"taxonomy":"product_brand","embeddable":true,"href":"https:\/\/darvilais.md\/ro\/wp-json\/wp\/v2\/product_brand?post=10913"},{"taxonomy":"product_cat","embeddable":true,"href":"https:\/\/darvilais.md\/ro\/wp-json\/wp\/v2\/product_cat?post=10913"},{"taxonomy":"product_tag","embeddable":true,"href":"https:\/\/darvilais.md\/ro\/wp-json\/wp\/v2\/product_tag?post=10913"}],"curies":[{"name":"wp","href":"https:\/\/api.w.org\/{rel}","templated":true}]}}