{"id":10905,"date":"2025-11-09T22:00:58","date_gmt":"2025-11-09T20:00:58","guid":{"rendered":"https:\/\/darvilais.md\/?post_type=product&#038;p=10905"},"modified":"2026-05-04T13:58:13","modified_gmt":"2026-05-04T10:58:13","slug":"wiwu-classic-2-case-ipad-10-2-10-5","status":"publish","type":"product","link":"https:\/\/darvilais.md\/ro\/produs\/wiwu-classic-2-case-ipad-10-2-10-5\/","title":{"rendered":"WIWU Classic II iPad 10.2\/10.5"},"content":{"rendered":"<h2><strong>Hus\u0103 WIWU Classic II pentru iPad 10.2 \/ 10.5<\/strong><\/h2>\n<ul>\n<li class=\"p1\"><strong>Culoare: negru, albastru, albastru deschis<\/strong><\/li>\n<li class=\"p1\"><strong>Tip: carcas\u0103 de protec\u021bie<\/strong><\/li>\n<li class=\"p1\"><strong>Compatibilitate: iPad 10.2, iPad 10.5<\/strong><\/li>\n<li class=\"p1\"><strong>Material: PU + TPU<\/strong><\/li>\n<li class=\"p1\"><strong>Caracteristici: oprire automat\u0103, suport, protec\u021bie la \u0219ocuri<\/strong><\/li>\n<li class=\"p1\"><strong>Pachetul include: carcas\u0103<\/strong><\/li>\n<li class=\"p1\"><strong>Produc\u0103tor: WIWU<\/strong><\/li>\n<\/ul>\n<p><strong><span class=\"s1\">Confirmat: <\/span><a href=\"https:\/\/www.wiwu.com\/WiWU-Classic-II-Case-For-iPad-10.2.Html\" target=\"_blank\" rel=\"noopener\">https:\/\/www.wiwu.com\/WiWU-Classic-II-Case-For-iPad-10.2.Html<\/a><\/strong><\/p>","protected":false},"excerpt":{"rendered":"<p><em><strong>WIWU Classic II protejeaz\u0103 iPad-ul 10.2 \u0219i 10.5. Suportul s\u0103u convenabil, func\u021bia de repaus automat \u0219i carcasa durabil\u0103 \u00eel fac practic pentru utilizarea zilnic\u0103.<\/strong><\/em><\/p>","protected":false},"featured_media":10909,"template":"","meta":{"_acf_changed":false},"product_brand":[307],"product_cat":[363],"product_tag":[1285,1287,1286,1280],"class_list":{"0":"post-10905","1":"product","2":"type-product","3":"status-publish","4":"has-post-thumbnail","6":"product_brand-wiwu","7":"product_cat-tablet-cases","8":"product_tag-1285","9":"product_tag-1287","10":"product_tag-1286","11":"product_tag---ipad","13":"first","14":"outofstock","15":"sale","16":"taxable","17":"shipping-taxable","18":"purchasable","19":"product-type-variable","20":"add-to-wishlist-after_add_to_cart"},"acf":[],"jetpack_sharing_enabled":true,"_links":{"self":[{"href":"https:\/\/darvilais.md\/ro\/wp-json\/wp\/v2\/product\/10905","targetHints":{"allow":["GET"]}}],"collection":[{"href":"https:\/\/darvilais.md\/ro\/wp-json\/wp\/v2\/product"}],"about":[{"href":"https:\/\/darvilais.md\/ro\/wp-json\/wp\/v2\/types\/product"}],"wp:featuredmedia":[{"embeddable":true,"href":"https:\/\/darvilais.md\/ro\/wp-json\/wp\/v2\/media\/10909"}],"wp:attachment":[{"href":"https:\/\/darvilais.md\/ro\/wp-json\/wp\/v2\/media?parent=10905"}],"wp:term":[{"taxonomy":"product_brand","embeddable":true,"href":"https:\/\/darvilais.md\/ro\/wp-json\/wp\/v2\/product_brand?post=10905"},{"taxonomy":"product_cat","embeddable":true,"href":"https:\/\/darvilais.md\/ro\/wp-json\/wp\/v2\/product_cat?post=10905"},{"taxonomy":"product_tag","embeddable":true,"href":"https:\/\/darvilais.md\/ro\/wp-json\/wp\/v2\/product_tag?post=10905"}],"curies":[{"name":"wp","href":"https:\/\/api.w.org\/{rel}","templated":true}]}}