{"id":10775,"date":"2025-11-06T19:20:49","date_gmt":"2025-11-06T17:20:49","guid":{"rendered":"https:\/\/darvilais.md\/?post_type=product&#038;p=10775"},"modified":"2026-05-04T14:05:48","modified_gmt":"2026-05-04T11:05:48","slug":"wiwu-mk-003-keyboard-case-ipad-13-pro-2024","status":"publish","type":"product","link":"https:\/\/darvilais.md\/ro\/produs\/wiwu-mk-003-keyboard-case-ipad-13-pro-2024\/","title":{"rendered":"WIWU MK-003 iPad 13 Pro (2024)"},"content":{"rendered":"<h2><strong>Tastatur\u0103 Magic\u0103 WIWU MK-003 Neagr\u0103 pentru iPad 13 Pro (2024)<\/strong><\/h2>\n<ul>\n<li class=\"p1\"><strong>Culoare: negru<\/strong><\/li>\n<li class=\"p1\"><strong>Tip: Carcas\u0103 pentru tastatur\u0103 wireless<\/strong><\/li>\n<li class=\"p1\"><strong>Compatibilitate: iPad 13 Pro (2024)<\/strong><\/li>\n<li class=\"p1\"><strong>Material: PC + piele artificial\u0103 PU<\/strong><\/li>\n<li class=\"p1\"><strong>Interfe\u021be: Bluetooth 5.3<\/strong><\/li>\n<li class=\"p1\"><strong>Caracteristici: taste iluminate din spate, suport magnetic<\/strong><\/li>\n<li class=\"p1\"><strong>Pachetul include: hus\u0103 pentru tastatur\u0103<\/strong><\/li>\n<li class=\"p1\"><strong>Produc\u0103tor: WIWU<\/strong><\/li>\n<\/ul>\n<p><strong><span class=\"s1\">Confirmat: <\/span><a href=\"https:\/\/www.wiwu.com\/product-5496993658473739.html\" target=\"_blank\" rel=\"noopener\">https:\/\/www.wiwu.com\/product-5496993658473739.html<\/a><\/strong><\/p>","protected":false},"excerpt":{"rendered":"<p><em><strong>WIWU MK-003 este conceput\u0103 pentru iPad 13 Pro (2024). Tastele iluminate din spate \u0219i Bluetooth 5.3 ofer\u0103 o experien\u021b\u0103 de tastare confortabil\u0103. Un suport magnetic men\u021bine tableta \u00een unghiul perfect. Designul s\u0103u modern o transform\u0103 \u00eentr-un accesoriu elegant \u0219i func\u021bional.<\/strong><\/em><\/p>","protected":false},"featured_media":10781,"template":"","meta":{"_acf_changed":false},"product_brand":[307],"product_cat":[363],"product_tag":[1282,1285,1283,1284],"class_list":{"0":"post-10775","1":"product","2":"type-product","3":"status-publish","4":"has-post-thumbnail","6":"product_brand-wiwu","7":"product_cat-tablet-cases","8":"product_tag-bluetooth-","9":"product_tag-1285","10":"product_tag---ipad","11":"product_tag-1284","13":"first","14":"outofstock","15":"sale","16":"taxable","17":"shipping-taxable","18":"purchasable","19":"product-type-simple","20":"add-to-wishlist-after_add_to_cart"},"acf":[],"jetpack_sharing_enabled":true,"_links":{"self":[{"href":"https:\/\/darvilais.md\/ro\/wp-json\/wp\/v2\/product\/10775","targetHints":{"allow":["GET"]}}],"collection":[{"href":"https:\/\/darvilais.md\/ro\/wp-json\/wp\/v2\/product"}],"about":[{"href":"https:\/\/darvilais.md\/ro\/wp-json\/wp\/v2\/types\/product"}],"wp:featuredmedia":[{"embeddable":true,"href":"https:\/\/darvilais.md\/ro\/wp-json\/wp\/v2\/media\/10781"}],"wp:attachment":[{"href":"https:\/\/darvilais.md\/ro\/wp-json\/wp\/v2\/media?parent=10775"}],"wp:term":[{"taxonomy":"product_brand","embeddable":true,"href":"https:\/\/darvilais.md\/ro\/wp-json\/wp\/v2\/product_brand?post=10775"},{"taxonomy":"product_cat","embeddable":true,"href":"https:\/\/darvilais.md\/ro\/wp-json\/wp\/v2\/product_cat?post=10775"},{"taxonomy":"product_tag","embeddable":true,"href":"https:\/\/darvilais.md\/ro\/wp-json\/wp\/v2\/product_tag?post=10775"}],"curies":[{"name":"wp","href":"https:\/\/api.w.org\/{rel}","templated":true}]}}