{"id":10767,"date":"2025-11-06T19:14:46","date_gmt":"2025-11-06T17:14:46","guid":{"rendered":"https:\/\/darvilais.md\/?post_type=product&#038;p=10767"},"modified":"2026-05-04T14:05:32","modified_gmt":"2026-05-04T11:05:32","slug":"wiwu-mk-003-keyboard-case-ipad-12-9-13-air","status":"publish","type":"product","link":"https:\/\/darvilais.md\/ro\/produs\/wiwu-mk-003-keyboard-case-ipad-12-9-13-air\/","title":{"rendered":"WIWU MK-003 iPad 12.9\u2033\/13 Air (2024)"},"content":{"rendered":"<h2><strong>Tastatur\u0103 Magic\u0103 WIWU MK-003 Neagr\u0103 pentru iPad 12.9\u2033<span class=\"s1\">\/13<\/span> Aer (2024)<\/strong><\/h2>\n<ul>\n<li class=\"p1\"><strong>Culoare: negru<\/strong><\/li>\n<li class=\"p1\"><strong>Tip: Carcas\u0103 pentru tastatur\u0103 wireless<\/strong><\/li>\n<li class=\"p1\"><strong>Compatibilitate: iPad 12.9\u2033, iPad 13 Air (2024)<\/strong><\/li>\n<li class=\"p1\"><strong>Material: PC + piele artificial\u0103 PU<\/strong><\/li>\n<li class=\"p1\"><strong>Interfe\u021be: Bluetooth 5.3<\/strong><\/li>\n<li class=\"p1\"><strong>Caracteristici: taste iluminate din spate, suport magnetic<\/strong><\/li>\n<li class=\"p1\"><strong>Pachetul include: hus\u0103 pentru tastatur\u0103<\/strong><\/li>\n<li class=\"p1\"><strong>Produc\u0103tor: WIWU<\/strong><\/li>\n<\/ul>\n<p><strong><span class=\"s2\">Confirmat: <\/span><a href=\"https:\/\/www.wiwu.com\/product-5496993658473739.html\" target=\"_blank\" rel=\"noopener\">https:\/\/www.wiwu.com\/product-5496993658473739.html<\/a><\/strong><\/p>","protected":false},"excerpt":{"rendered":"<p><em><strong>WIWU MK-003 este compatibil cu iPad 12.9 \u0219i 13 Air 2024. Tastele iluminate din spate, Bluetooth 5.3 \u0219i suportul magnetic asigur\u0103 o experien\u021b\u0103 de tastare confortabil\u0103. Carcasa durabil\u0103 protejeaz\u0103 tableta, iar designul u\u0219or o face u\u0219or de utilizat oriunde. O solu\u021bie practic\u0103 at\u00e2t pentru studiu, c\u00e2t \u0219i pentru munc\u0103.<\/strong><\/em><\/p>","protected":false},"featured_media":10774,"template":"","meta":{"_acf_changed":false},"product_brand":[307],"product_cat":[363],"product_tag":[1282,1285,1283,1284],"class_list":{"0":"post-10767","1":"product","2":"type-product","3":"status-publish","4":"has-post-thumbnail","6":"product_brand-wiwu","7":"product_cat-tablet-cases","8":"product_tag-bluetooth-","9":"product_tag-1285","10":"product_tag---ipad","11":"product_tag-1284","13":"first","14":"outofstock","15":"taxable","16":"shipping-taxable","17":"purchasable","18":"product-type-simple","19":"add-to-wishlist-after_add_to_cart"},"acf":[],"jetpack_sharing_enabled":true,"_links":{"self":[{"href":"https:\/\/darvilais.md\/ro\/wp-json\/wp\/v2\/product\/10767","targetHints":{"allow":["GET"]}}],"collection":[{"href":"https:\/\/darvilais.md\/ro\/wp-json\/wp\/v2\/product"}],"about":[{"href":"https:\/\/darvilais.md\/ro\/wp-json\/wp\/v2\/types\/product"}],"wp:featuredmedia":[{"embeddable":true,"href":"https:\/\/darvilais.md\/ro\/wp-json\/wp\/v2\/media\/10774"}],"wp:attachment":[{"href":"https:\/\/darvilais.md\/ro\/wp-json\/wp\/v2\/media?parent=10767"}],"wp:term":[{"taxonomy":"product_brand","embeddable":true,"href":"https:\/\/darvilais.md\/ro\/wp-json\/wp\/v2\/product_brand?post=10767"},{"taxonomy":"product_cat","embeddable":true,"href":"https:\/\/darvilais.md\/ro\/wp-json\/wp\/v2\/product_cat?post=10767"},{"taxonomy":"product_tag","embeddable":true,"href":"https:\/\/darvilais.md\/ro\/wp-json\/wp\/v2\/product_tag?post=10767"}],"curies":[{"name":"wp","href":"https:\/\/api.w.org\/{rel}","templated":true}]}}