{"id":10759,"date":"2025-11-06T18:41:20","date_gmt":"2025-11-06T16:41:20","guid":{"rendered":"https:\/\/darvilais.md\/?post_type=product&#038;p=10759"},"modified":"2026-05-04T14:05:20","modified_gmt":"2026-05-04T11:05:20","slug":"wiwu-mk-003-keyboard-case-ipad-11-pro-2024","status":"publish","type":"product","link":"https:\/\/darvilais.md\/ro\/produs\/wiwu-mk-003-keyboard-case-ipad-11-pro-2024\/","title":{"rendered":"WIWU MK-003 iPad 11 Pro"},"content":{"rendered":"<h2><strong>Tastatur\u0103 Magic\u0103 WIWU MK-003 Neagr\u0103 pentru iPad 11 Pro (2024)<\/strong><\/h2>\n<ul>\n<li class=\"p1\"><strong>Culoare: negru<\/strong><\/li>\n<li class=\"p1\"><strong>Tip: Carcas\u0103 pentru tastatur\u0103 wireless<\/strong><\/li>\n<li class=\"p1\"><strong>Compatibilitate: iPad 11 Pro (2024)<\/strong><\/li>\n<li class=\"p1\"><strong>Material: PC + piele artificial\u0103 PU<\/strong><\/li>\n<li class=\"p1\"><strong>Interfe\u021be: Bluetooth 5.3<\/strong><\/li>\n<li class=\"p1\"><strong>Caracteristici: taste iluminate din spate, suport magnetic<\/strong><\/li>\n<li class=\"p1\"><strong>Pachetul include: hus\u0103 pentru tastatur\u0103<\/strong><\/li>\n<li class=\"p1\"><strong>Produc\u0103tor: WIWU<\/strong><\/li>\n<\/ul>\n<p><strong><span class=\"s1\">Confirmat: <\/span><a href=\"https:\/\/www.wiwu.com\/product-5496993658473739.html\" target=\"_blank\" rel=\"noopener\">https:\/\/www.wiwu.com\/product-5496993658473739.html<\/a><\/strong><\/p>","protected":false},"excerpt":{"rendered":"<p><strong><em>WIWU MK-003 face ca lucrul cu iPad 11 Pro (2024) s\u0103 fie confortabil. Bluetooth 5.3 \u0219i tastele iluminate din spate ofer\u0103 confort \u00een orice moment al zilei. Suportul magnetic fixeaz\u0103 tableta \u00een siguran\u021b\u0103 \u0219i o protejeaz\u0103 \u00een timpul deplas\u0103rilor. O solu\u021bie elegant\u0103 \u0219i func\u021bional\u0103 pentru munc\u0103, studiu \u0219i c\u0103l\u0103torii.<\/em><\/strong><\/p>","protected":false},"featured_media":10765,"template":"","meta":{"_acf_changed":false},"product_brand":[307],"product_cat":[363],"product_tag":[1282,1285,1283,1284],"class_list":{"0":"post-10759","1":"product","2":"type-product","3":"status-publish","4":"has-post-thumbnail","6":"product_brand-wiwu","7":"product_cat-tablet-cases","8":"product_tag-bluetooth-","9":"product_tag-1285","10":"product_tag---ipad","11":"product_tag-1284","13":"first","14":"outofstock","15":"taxable","16":"shipping-taxable","17":"purchasable","18":"product-type-simple","19":"add-to-wishlist-after_add_to_cart"},"acf":[],"jetpack_sharing_enabled":true,"_links":{"self":[{"href":"https:\/\/darvilais.md\/ro\/wp-json\/wp\/v2\/product\/10759","targetHints":{"allow":["GET"]}}],"collection":[{"href":"https:\/\/darvilais.md\/ro\/wp-json\/wp\/v2\/product"}],"about":[{"href":"https:\/\/darvilais.md\/ro\/wp-json\/wp\/v2\/types\/product"}],"wp:featuredmedia":[{"embeddable":true,"href":"https:\/\/darvilais.md\/ro\/wp-json\/wp\/v2\/media\/10765"}],"wp:attachment":[{"href":"https:\/\/darvilais.md\/ro\/wp-json\/wp\/v2\/media?parent=10759"}],"wp:term":[{"taxonomy":"product_brand","embeddable":true,"href":"https:\/\/darvilais.md\/ro\/wp-json\/wp\/v2\/product_brand?post=10759"},{"taxonomy":"product_cat","embeddable":true,"href":"https:\/\/darvilais.md\/ro\/wp-json\/wp\/v2\/product_cat?post=10759"},{"taxonomy":"product_tag","embeddable":true,"href":"https:\/\/darvilais.md\/ro\/wp-json\/wp\/v2\/product_tag?post=10759"}],"curies":[{"name":"wp","href":"https:\/\/api.w.org\/{rel}","templated":true}]}}