{"id":10733,"date":"2025-11-01T21:58:51","date_gmt":"2025-11-01T19:58:51","guid":{"rendered":"https:\/\/darvilais.md\/?post_type=product&#038;p=10733"},"modified":"2026-05-04T14:03:52","modified_gmt":"2026-05-04T11:03:52","slug":"wiwu-f17-keyboard-for-ipad-10-9-11-air-2024","status":"publish","type":"product","link":"https:\/\/darvilais.md\/ro\/produs\/wiwu-f17-keyboard-for-ipad-10-9-11-air-2024\/","title":{"rendered":"WIWU F17 iPad 10.9\u2033\/11\u2033\/11 Air 2024"},"content":{"rendered":"<h2><strong>Tastatur\u0103 WIWU Magic F17 Neagr\u0103 pentru iPad 10.9\u2033<span class=\"s1\">\/11<\/span>\u2033<span class=\"s1\">\/11<\/span> Aer 2024<\/strong><\/h2>\n<ul>\n<li class=\"p1\"><strong>Culoare: negru<\/strong><\/li>\n<li class=\"p1\"><strong>Tip: Carcas\u0103 pentru tastatur\u0103 wireless<\/strong><\/li>\n<li class=\"p1\"><strong>Compatibilitate: iPad 10.9\u2033 (2022), iPad 11\u2033, iPad Air 11 (2024)<\/strong><\/li>\n<li class=\"p1\"><strong>Material: PC + piele artificial\u0103 PU<\/strong><\/li>\n<li class=\"p1\"><strong>Interfe\u021be: Bluetooth 5.3<\/strong><\/li>\n<li class=\"p1\"><strong>Caracteristici: Suport magnetic, durat\u0103 de via\u021b\u0103 a bateriei de p\u00e2n\u0103 la 300 de zile<\/strong><\/li>\n<li class=\"p1\"><strong>Pachetul include: hus\u0103 pentru tastatur\u0103<\/strong><\/li>\n<li class=\"p1\"><strong>Produc\u0103tor: WIWU<\/strong><\/li>\n<\/ul>\n<p><strong><span class=\"s2\">Confirmat: <\/span><a href=\"https:\/\/www.wiwu.com\/wiwu-ultra-slim-magnetic-keyboard--f17for-ipad.html\" target=\"_blank\" rel=\"noopener\">https:\/\/www.wiwu.com\/wiwu-ultra-slim-magnetic-keyboard&#8211;f17for-ipad.html<\/a><\/strong><\/p>","protected":false},"excerpt":{"rendered":"<p><strong><em>Tastatura WIWU Magic Keyboard F17 este complementul perfect pentru iPad-ul 10.9\/11 \u0219i Air 2024. Designul s\u0103u modern, suportul magnetic \u0219i conexiunea Bluetooth 5.3 fiabil\u0103 v\u0103 permit s\u0103 lucra\u021bi \u0219i s\u0103 studia\u021bi \u00een confort maxim.\u00a0<\/em><\/strong><\/p>","protected":false},"featured_media":10737,"template":"","meta":{"_acf_changed":false},"product_brand":[307],"product_cat":[363],"product_tag":[1282,1281,627,1280],"class_list":{"0":"post-10733","1":"product","2":"type-product","3":"status-publish","4":"has-post-thumbnail","6":"product_brand-wiwu","7":"product_cat-tablet-cases","8":"product_tag-bluetooth-","9":"product_tag-1281","10":"product_tag-627","11":"product_tag---ipad","13":"first","14":"outofstock","15":"taxable","16":"shipping-taxable","17":"purchasable","18":"product-type-simple","19":"add-to-wishlist-after_add_to_cart"},"acf":[],"jetpack_sharing_enabled":true,"_links":{"self":[{"href":"https:\/\/darvilais.md\/ro\/wp-json\/wp\/v2\/product\/10733","targetHints":{"allow":["GET"]}}],"collection":[{"href":"https:\/\/darvilais.md\/ro\/wp-json\/wp\/v2\/product"}],"about":[{"href":"https:\/\/darvilais.md\/ro\/wp-json\/wp\/v2\/types\/product"}],"wp:featuredmedia":[{"embeddable":true,"href":"https:\/\/darvilais.md\/ro\/wp-json\/wp\/v2\/media\/10737"}],"wp:attachment":[{"href":"https:\/\/darvilais.md\/ro\/wp-json\/wp\/v2\/media?parent=10733"}],"wp:term":[{"taxonomy":"product_brand","embeddable":true,"href":"https:\/\/darvilais.md\/ro\/wp-json\/wp\/v2\/product_brand?post=10733"},{"taxonomy":"product_cat","embeddable":true,"href":"https:\/\/darvilais.md\/ro\/wp-json\/wp\/v2\/product_cat?post=10733"},{"taxonomy":"product_tag","embeddable":true,"href":"https:\/\/darvilais.md\/ro\/wp-json\/wp\/v2\/product_tag?post=10733"}],"curies":[{"name":"wp","href":"https:\/\/api.w.org\/{rel}","templated":true}]}}