{"id":10716,"date":"2025-10-31T20:35:17","date_gmt":"2025-10-31T20:35:17","guid":{"rendered":"https:\/\/darvilais.md\/?post_type=product&#038;p=10716"},"modified":"2025-10-31T20:35:17","modified_gmt":"2025-10-31T20:35:17","slug":"tpu-space-cover-iphone-7-8-se2","status":"publish","type":"product","link":"https:\/\/darvilais.md\/ro\/produs\/tpu-space-cover-iphone-7-8-se2\/","title":{"rendered":"iPhone 7\/8\/SE2"},"content":{"rendered":"<h2><strong>Carcas\u0103 TPU Space pentru iPhone 7\/8\/SE2<\/strong><\/h2>\n<ul>\n<li class=\"p1\"><strong>Culoare: Transparent\u0103<\/strong><\/li>\n<li class=\"p1\"><strong>Compatibilitate: iPhone 7, iPhone 8, iPhone SE2<\/strong><\/li>\n<li class=\"p1\"><strong>Material: TPU<\/strong><\/li>\n<li class=\"p1\"><strong>Caracteristici: sub\u021bire, u\u0219oar\u0103, rezistent\u0103 la zg\u00e2rieturi<\/strong><\/li>\n<li class=\"p1\"><strong>Produc\u0103tor: Original<\/strong><\/li>\n<\/ul>","protected":false},"excerpt":{"rendered":"<p><em><strong>Carcasa TPU Space, u\u0219oar\u0103 \u0219i sub\u021bire, protejeaz\u0103 iPhone-ul 7\/8\/SE2 de zg\u00e2rieturi \u0219i murd\u0103rie.<\/strong><\/em><\/p>","protected":false},"featured_media":10719,"template":"","meta":{"_acf_changed":false},"product_brand":[364],"product_cat":[362],"product_tag":[384,386,476,389],"class_list":{"0":"post-10716","1":"product","2":"type-product","3":"status-publish","4":"has-post-thumbnail","6":"product_brand-364","7":"product_cat-phone-cases","8":"product_tag-tpu","9":"product_tag-386","10":"product_tag-476","11":"product_tag-389","13":"first","14":"instock","15":"sale","16":"taxable","17":"shipping-taxable","18":"purchasable","19":"product-type-simple","20":"add-to-wishlist-after_add_to_cart"},"acf":[],"jetpack_sharing_enabled":true,"_links":{"self":[{"href":"https:\/\/darvilais.md\/ro\/wp-json\/wp\/v2\/product\/10716","targetHints":{"allow":["GET"]}}],"collection":[{"href":"https:\/\/darvilais.md\/ro\/wp-json\/wp\/v2\/product"}],"about":[{"href":"https:\/\/darvilais.md\/ro\/wp-json\/wp\/v2\/types\/product"}],"wp:featuredmedia":[{"embeddable":true,"href":"https:\/\/darvilais.md\/ro\/wp-json\/wp\/v2\/media\/10719"}],"wp:attachment":[{"href":"https:\/\/darvilais.md\/ro\/wp-json\/wp\/v2\/media?parent=10716"}],"wp:term":[{"taxonomy":"product_brand","embeddable":true,"href":"https:\/\/darvilais.md\/ro\/wp-json\/wp\/v2\/product_brand?post=10716"},{"taxonomy":"product_cat","embeddable":true,"href":"https:\/\/darvilais.md\/ro\/wp-json\/wp\/v2\/product_cat?post=10716"},{"taxonomy":"product_tag","embeddable":true,"href":"https:\/\/darvilais.md\/ro\/wp-json\/wp\/v2\/product_tag?post=10716"}],"curies":[{"name":"wp","href":"https:\/\/api.w.org\/{rel}","templated":true}]}}