{"id":10712,"date":"2025-10-31T20:29:07","date_gmt":"2025-10-31T20:29:07","guid":{"rendered":"https:\/\/darvilais.md\/?post_type=product&#038;p=10712"},"modified":"2025-10-31T20:29:07","modified_gmt":"2025-10-31T20:29:07","slug":"brushed-texture-armor-case-iphone-7-8-se2","status":"publish","type":"product","link":"https:\/\/darvilais.md\/ro\/produs\/brushed-texture-armor-case-iphone-7-8-se2\/","title":{"rendered":"iPhone 7\/8\/SE2"},"content":{"rendered":"<h2><strong>Carcas\u0103 de protec\u021bie robust\u0103 TPU cu textur\u0103 periat\u0103 pentru iPhone 7\/8\/SE2<\/strong><\/h2>\n<ul>\n<li><strong>Culoare: negru<\/strong><\/li>\n<li><strong>Compatibilitate: iPhone 7, iPhone 8, iPhone SE2<\/strong><\/li>\n<li><strong>Material: TPU, fibr\u0103<\/strong><\/li>\n<li><strong>Caracteristici: rezistent la \u0219ocuri, rezistent la uzur\u0103, textur\u0103 cu nervuri<\/strong><\/li>\n<li><strong>Produc\u0103tor: altul<\/strong><\/li>\n<\/ul>","protected":false},"excerpt":{"rendered":"<p><em><strong>Carcasa de protec\u021bie TPU cu textur\u0103 striat\u0103 Brushed Armor protejeaz\u0103 iPhone 7\/8\/SE2 de impacturi \u0219i zg\u00e2rieturi.<\/strong><\/em><\/p>","protected":false},"featured_media":10713,"template":"","meta":{"_acf_changed":false},"product_brand":[364],"product_cat":[362],"product_tag":[386,726,754,382],"class_list":{"0":"post-10712","1":"product","2":"type-product","3":"status-publish","4":"has-post-thumbnail","6":"product_brand-364","7":"product_cat-phone-cases","8":"product_tag-386","9":"product_tag-726","10":"product_tag-754","11":"product_tag-382","13":"first","14":"instock","15":"sale","16":"taxable","17":"shipping-taxable","18":"purchasable","19":"product-type-simple","20":"add-to-wishlist-after_add_to_cart"},"acf":[],"jetpack_sharing_enabled":true,"_links":{"self":[{"href":"https:\/\/darvilais.md\/ro\/wp-json\/wp\/v2\/product\/10712","targetHints":{"allow":["GET"]}}],"collection":[{"href":"https:\/\/darvilais.md\/ro\/wp-json\/wp\/v2\/product"}],"about":[{"href":"https:\/\/darvilais.md\/ro\/wp-json\/wp\/v2\/types\/product"}],"wp:featuredmedia":[{"embeddable":true,"href":"https:\/\/darvilais.md\/ro\/wp-json\/wp\/v2\/media\/10713"}],"wp:attachment":[{"href":"https:\/\/darvilais.md\/ro\/wp-json\/wp\/v2\/media?parent=10712"}],"wp:term":[{"taxonomy":"product_brand","embeddable":true,"href":"https:\/\/darvilais.md\/ro\/wp-json\/wp\/v2\/product_brand?post=10712"},{"taxonomy":"product_cat","embeddable":true,"href":"https:\/\/darvilais.md\/ro\/wp-json\/wp\/v2\/product_cat?post=10712"},{"taxonomy":"product_tag","embeddable":true,"href":"https:\/\/darvilais.md\/ro\/wp-json\/wp\/v2\/product_tag?post=10712"}],"curies":[{"name":"wp","href":"https:\/\/api.w.org\/{rel}","templated":true}]}}