{"id":10695,"date":"2025-10-30T21:08:44","date_gmt":"2025-10-30T21:08:44","guid":{"rendered":"https:\/\/darvilais.md\/?post_type=product&#038;p=10695"},"modified":"2025-10-30T21:08:44","modified_gmt":"2025-10-30T21:08:44","slug":"hoco-dar02-plus-hair-straightener-eu","status":"publish","type":"product","link":"https:\/\/darvilais.md\/ro\/produs\/hoco-dar02-plus-hair-straightener-eu\/","title":{"rendered":"Hoco DAR02"},"content":{"rendered":"<h2><strong>Plac\u0103 de \u00eendreptat p\u0103rul Hoco DAR02 Plus Jade (UE)<\/strong><\/h2>\n<ul>\n<li class=\"p1\"><strong>Culoare: gri<\/strong><\/li>\n<li class=\"p1\"><strong>Tip: plac\u0103 de \u00eendreptat p\u0103rul<\/strong><\/li>\n<li class=\"p1\"><strong>Materialul pl\u0103cii: ceramic\u0103\/turmalin\u0103<\/strong><\/li>\n<li class=\"p1\"><strong>Tensiune: 220-240V (versiunea UE)<\/strong><\/li>\n<li class=\"p1\"><strong>Temperatur\u0103: p\u00e2n\u0103 la ~200 \u00b0C<\/strong><\/li>\n<li class=\"p1\"><strong>Caracteristici: \u00eenc\u0103lzire rapid\u0103, corp sub\u021bire, protec\u021bie la supra\u00eenc\u0103lzire<\/strong><\/li>\n<li class=\"p1\"><strong>Producator: Hoco<\/strong><\/li>\n<\/ul>","protected":false},"excerpt":{"rendered":"<p><em><strong>Hoco DAR02 Plus Jade este o plac\u0103 de \u00eendreptat p\u0103rul compact\u0103 din ceramic\u0103 cu \u00eenc\u0103lzire rapid\u0103, versiunea UE.<\/strong><\/em><\/p>","protected":false},"featured_media":10696,"template":"","meta":{"_acf_changed":false},"product_brand":[286],"product_cat":[245],"product_tag":[1275,1272,1273,1274],"class_list":{"0":"post-10695","1":"product","2":"type-product","3":"status-publish","4":"has-post-thumbnail","6":"product_brand-hoco","7":"product_cat-everyday-accessories","8":"product_tag-220240-eu","9":"product_tag-1272","10":"product_tag-1273","11":"product_tag-1274","13":"first","14":"instock","15":"sale","16":"taxable","17":"shipping-taxable","18":"purchasable","19":"product-type-simple","20":"add-to-wishlist-after_add_to_cart"},"acf":[],"jetpack_sharing_enabled":true,"_links":{"self":[{"href":"https:\/\/darvilais.md\/ro\/wp-json\/wp\/v2\/product\/10695","targetHints":{"allow":["GET"]}}],"collection":[{"href":"https:\/\/darvilais.md\/ro\/wp-json\/wp\/v2\/product"}],"about":[{"href":"https:\/\/darvilais.md\/ro\/wp-json\/wp\/v2\/types\/product"}],"wp:featuredmedia":[{"embeddable":true,"href":"https:\/\/darvilais.md\/ro\/wp-json\/wp\/v2\/media\/10696"}],"wp:attachment":[{"href":"https:\/\/darvilais.md\/ro\/wp-json\/wp\/v2\/media?parent=10695"}],"wp:term":[{"taxonomy":"product_brand","embeddable":true,"href":"https:\/\/darvilais.md\/ro\/wp-json\/wp\/v2\/product_brand?post=10695"},{"taxonomy":"product_cat","embeddable":true,"href":"https:\/\/darvilais.md\/ro\/wp-json\/wp\/v2\/product_cat?post=10695"},{"taxonomy":"product_tag","embeddable":true,"href":"https:\/\/darvilais.md\/ro\/wp-json\/wp\/v2\/product_tag?post=10695"}],"curies":[{"name":"wp","href":"https:\/\/api.w.org\/{rel}","templated":true}]}}