{"id":10683,"date":"2025-10-30T20:32:11","date_gmt":"2025-10-30T20:32:11","guid":{"rendered":"https:\/\/darvilais.md\/?post_type=product&#038;p=10683"},"modified":"2025-10-30T20:32:11","modified_gmt":"2025-10-30T20:32:11","slug":"hoco-dar43-electric-hair-clipper","status":"publish","type":"product","link":"https:\/\/darvilais.md\/ro\/produs\/hoco-dar43-electric-hair-clipper\/","title":{"rendered":"Hoco DAR43"},"content":{"rendered":"<h2><strong>Ma\u0219in\u0103 de tuns electric\u0103 cu gravare rafinat\u0103 Hoco DAR43<\/strong><\/h2>\n<ul>\n<li class=\"p1\"><strong>Culoare: verde<\/strong><\/li>\n<li class=\"p1\"><strong>Tip: Aparat electric de tuns p\u0103rul \u0219i barba<\/strong><\/li>\n<li class=\"p1\"><strong>Putere: 5 W<\/strong><\/li>\n<li class=\"p1\"><strong>Motor: p\u00e2n\u0103 la 7000 rpm<\/strong><\/li>\n<li class=\"p1\"><strong>Alimentare: baterie, \u00eenc\u0103rcare tip C, intrare 5V\/1A<\/strong><\/li>\n<li class=\"p1\"><strong>Capacitatea bateriei: 1600 mAh<\/strong><\/li>\n<li class=\"p1\"><strong>Timp de func\u021bionare: p\u00e2n\u0103 la 4,5 ore<\/strong><\/li>\n<li class=\"p1\"><strong>Timp de \u00eenc\u0103rcare: 2-3 ore<\/strong><\/li>\n<li class=\"p1\"><strong>Materialul corpului: ABS + aliaj de aluminiu<\/strong><\/li>\n<li class=\"p1\"><strong>Lam\u0103: o\u021bel inoxidabil, autoascu\u021bitoare<\/strong><\/li>\n<li class=\"p1\"><strong>Echipament: ma\u0219in\u0103, ata\u0219amente, perie, cablu<\/strong><\/li>\n<li class=\"p1\"><strong>Dimensiune: 153 mm<\/strong><\/li>\n<li class=\"p1\"><strong>Greutate: 165 g<\/strong><\/li>\n<li class=\"p1\"><strong>Producator: Hoco<\/strong><\/li>\n<\/ul>","protected":false},"excerpt":{"rendered":"<p><em><strong>Hoco DAR43 este o ma\u0219in\u0103 de tuns puternic\u0103, cu corp metalic, lame autoascu\u021bitoare \u0219i o autonomie a bateriei de 4,5 ore.<\/strong><\/em><\/p>","protected":false},"featured_media":10686,"template":"","meta":{"_acf_changed":false},"product_brand":[286],"product_cat":[245],"product_tag":[1270,1269,1257,1268],"class_list":{"0":"post-10683","1":"product","2":"type-product","3":"status-publish","4":"has-post-thumbnail","6":"product_brand-hoco","7":"product_cat-everyday-accessories","8":"product_tag-1270","9":"product_tag-1269","10":"product_tag-1257","11":"product_tag-1268","13":"first","14":"instock","15":"taxable","16":"shipping-taxable","17":"purchasable","18":"product-type-simple","19":"add-to-wishlist-after_add_to_cart"},"acf":[],"jetpack_sharing_enabled":true,"_links":{"self":[{"href":"https:\/\/darvilais.md\/ro\/wp-json\/wp\/v2\/product\/10683","targetHints":{"allow":["GET"]}}],"collection":[{"href":"https:\/\/darvilais.md\/ro\/wp-json\/wp\/v2\/product"}],"about":[{"href":"https:\/\/darvilais.md\/ro\/wp-json\/wp\/v2\/types\/product"}],"wp:featuredmedia":[{"embeddable":true,"href":"https:\/\/darvilais.md\/ro\/wp-json\/wp\/v2\/media\/10686"}],"wp:attachment":[{"href":"https:\/\/darvilais.md\/ro\/wp-json\/wp\/v2\/media?parent=10683"}],"wp:term":[{"taxonomy":"product_brand","embeddable":true,"href":"https:\/\/darvilais.md\/ro\/wp-json\/wp\/v2\/product_brand?post=10683"},{"taxonomy":"product_cat","embeddable":true,"href":"https:\/\/darvilais.md\/ro\/wp-json\/wp\/v2\/product_cat?post=10683"},{"taxonomy":"product_tag","embeddable":true,"href":"https:\/\/darvilais.md\/ro\/wp-json\/wp\/v2\/product_tag?post=10683"}],"curies":[{"name":"wp","href":"https:\/\/api.w.org\/{rel}","templated":true}]}}