{"id":10675,"date":"2025-10-30T20:12:11","date_gmt":"2025-10-30T20:12:11","guid":{"rendered":"https:\/\/darvilais.md\/?post_type=product&#038;p=10675"},"modified":"2025-10-30T20:12:11","modified_gmt":"2025-10-30T20:12:11","slug":"hoco-gm102-active-stylus-ipad","status":"publish","type":"product","link":"https:\/\/darvilais.md\/ro\/produs\/hoco-gm102-active-stylus-ipad\/","title":{"rendered":"Hoco GM102"},"content":{"rendered":"<h2><strong>Stilou capacitiv activ Hoco GM102 Smooth pentru iPad\u00a0<\/strong><\/h2>\n<ul>\n<li class=\"p1\"><strong>Culoare: alb\u00a0<\/strong><\/li>\n<li class=\"p1\"><strong>Tip: Stylus pentru iPad\u00a0<\/strong><\/li>\n<li class=\"p1\"><strong>Compatibilitate: iPad (modele cu suport activ pentru stilou)\u00a0<\/strong><\/li>\n<li class=\"p1\"><strong>Caracteristici: senzor activ, protec\u021bie \u00eempotriva atingerilor accidentale, \u00eenc\u0103rcare rapid\u0103\u00a0<\/strong><\/li>\n<li class=\"p1\"><strong>Interfa\u021b\u0103 de \u00eenc\u0103rcare: Tip C\u00a0<\/strong><\/li>\n<li class=\"p1\"><strong>Timp de func\u021bionare: p\u00e2n\u0103 la 10 ore\u00a0<\/strong><\/li>\n<li class=\"p1\"><strong>Producator: Hoco<\/strong><\/li>\n<\/ul>","protected":false},"excerpt":{"rendered":"<p><em><strong>Stylus-ul activ Hoco GM102 pentru iPad este precis, sensibil \u0219i protejat de atingeri accidentale, cu \u00eenc\u0103rcare convenabil\u0103 de tip C.<\/strong><\/em><\/p>","protected":false},"featured_media":10677,"template":"","meta":{"_acf_changed":false},"product_brand":[286],"product_cat":[245],"product_tag":[1266,1267,1261,1260],"class_list":{"0":"post-10675","1":"product","2":"type-product","3":"status-publish","4":"has-post-thumbnail","6":"product_brand-hoco","7":"product_cat-everyday-accessories","8":"product_tag-ipad","9":"product_tag--type-c","10":"product_tag-1261","11":"product_tag-1260","13":"first","14":"instock","15":"sale","16":"taxable","17":"shipping-taxable","18":"purchasable","19":"product-type-simple","20":"add-to-wishlist-after_add_to_cart"},"acf":[],"jetpack_sharing_enabled":true,"_links":{"self":[{"href":"https:\/\/darvilais.md\/ro\/wp-json\/wp\/v2\/product\/10675","targetHints":{"allow":["GET"]}}],"collection":[{"href":"https:\/\/darvilais.md\/ro\/wp-json\/wp\/v2\/product"}],"about":[{"href":"https:\/\/darvilais.md\/ro\/wp-json\/wp\/v2\/types\/product"}],"wp:featuredmedia":[{"embeddable":true,"href":"https:\/\/darvilais.md\/ro\/wp-json\/wp\/v2\/media\/10677"}],"wp:attachment":[{"href":"https:\/\/darvilais.md\/ro\/wp-json\/wp\/v2\/media?parent=10675"}],"wp:term":[{"taxonomy":"product_brand","embeddable":true,"href":"https:\/\/darvilais.md\/ro\/wp-json\/wp\/v2\/product_brand?post=10675"},{"taxonomy":"product_cat","embeddable":true,"href":"https:\/\/darvilais.md\/ro\/wp-json\/wp\/v2\/product_cat?post=10675"},{"taxonomy":"product_tag","embeddable":true,"href":"https:\/\/darvilais.md\/ro\/wp-json\/wp\/v2\/product_tag?post=10675"}],"curies":[{"name":"wp","href":"https:\/\/api.w.org\/{rel}","templated":true}]}}