{"id":10639,"date":"2025-10-29T18:54:15","date_gmt":"2025-10-29T18:54:15","guid":{"rendered":"https:\/\/darvilais.md\/?post_type=product&#038;p=10639"},"modified":"2025-10-29T18:54:16","modified_gmt":"2025-10-29T18:54:16","slug":"hoco-gm231-anti-spy-camera-detector","status":"publish","type":"product","link":"https:\/\/darvilais.md\/ro\/produs\/hoco-gm231-anti-spy-camera-detector\/","title":{"rendered":"Hoco GM231"},"content":{"rendered":"<h2><strong>Detector de camer\u0103 antispionaj Hoco GM231<\/strong><\/h2>\n<ul>\n<li class=\"p1\"><strong>Culoare: negru<\/strong><\/li>\n<li class=\"p1\"><strong>Tip: detector de camer\u0103 ascuns\u0103<\/strong><\/li>\n<li class=\"p1\"><strong>Alimentare: 2 baterii AAA<\/strong><\/li>\n<li class=\"p1\"><strong>Raz\u0103 de detec\u021bie: p\u00e2n\u0103 la 5 m<\/strong><\/li>\n<li class=\"p1\"><strong>Caracteristici: compact, portabil, indicator luminos<\/strong><\/li>\n<li class=\"p1\"><strong>Compatibilitate: orice camer\u0103 ascuns\u0103<\/strong><\/li>\n<li class=\"p1\"><strong>Producator: Hoco<\/strong><\/li>\n<\/ul>","protected":false},"excerpt":{"rendered":"<p><strong><em>Detectorul compact Hoco GM231 ajut\u0103 la detectarea camerelor ascunse la o distan\u021b\u0103 de p\u00e2n\u0103 la 5 metri. Portabil \u0219i convenabil.<\/em><\/strong><\/p>","protected":false},"featured_media":10641,"template":"","meta":{"_acf_changed":false},"product_brand":[286],"product_cat":[245],"product_tag":[1255,564,1257,1256],"class_list":{"0":"post-10639","1":"product","2":"type-product","3":"status-publish","4":"has-post-thumbnail","6":"product_brand-hoco","7":"product_cat-everyday-accessories","8":"product_tag-1255","9":"product_tag-564","10":"product_tag-1257","11":"product_tag-1256","13":"first","14":"instock","15":"taxable","16":"shipping-taxable","17":"purchasable","18":"product-type-simple","19":"add-to-wishlist-after_add_to_cart"},"acf":[],"jetpack_sharing_enabled":true,"_links":{"self":[{"href":"https:\/\/darvilais.md\/ro\/wp-json\/wp\/v2\/product\/10639","targetHints":{"allow":["GET"]}}],"collection":[{"href":"https:\/\/darvilais.md\/ro\/wp-json\/wp\/v2\/product"}],"about":[{"href":"https:\/\/darvilais.md\/ro\/wp-json\/wp\/v2\/types\/product"}],"wp:featuredmedia":[{"embeddable":true,"href":"https:\/\/darvilais.md\/ro\/wp-json\/wp\/v2\/media\/10641"}],"wp:attachment":[{"href":"https:\/\/darvilais.md\/ro\/wp-json\/wp\/v2\/media?parent=10639"}],"wp:term":[{"taxonomy":"product_brand","embeddable":true,"href":"https:\/\/darvilais.md\/ro\/wp-json\/wp\/v2\/product_brand?post=10639"},{"taxonomy":"product_cat","embeddable":true,"href":"https:\/\/darvilais.md\/ro\/wp-json\/wp\/v2\/product_cat?post=10639"},{"taxonomy":"product_tag","embeddable":true,"href":"https:\/\/darvilais.md\/ro\/wp-json\/wp\/v2\/product_tag?post=10639"}],"curies":[{"name":"wp","href":"https:\/\/api.w.org\/{rel}","templated":true}]}}