{"id":10628,"date":"2025-10-29T18:30:48","date_gmt":"2025-10-29T18:30:48","guid":{"rendered":"https:\/\/darvilais.md\/?post_type=product&#038;p=10628"},"modified":"2025-11-17T19:10:07","modified_gmt":"2025-11-17T19:10:07","slug":"xo-cf2-hair-dryer-1600w-temperature-control","status":"publish","type":"product","link":"https:\/\/darvilais.md\/ro\/produs\/xo-cf2-hair-dryer-1600w-temperature-control\/","title":{"rendered":"XO CF2"},"content":{"rendered":"<h2><strong>Usc\u0103tor de p\u0103r portabil XO CF2 1600W cu control al temperaturii\u00a0<\/strong><\/h2>\n<ul>\n<li class=\"p1\"><strong>Tip: usc\u0103tor de p\u0103r portabil\u00a0<\/strong><\/li>\n<li class=\"p1\"><strong>Putere: 1600 W\u00a0<\/strong><\/li>\n<li class=\"p1\"><strong>Moduri: controlul temperaturii, aer rece \u0219i cald\u00a0<\/strong><\/li>\n<li class=\"p1\"><strong>Alimentare: 220 V (UE)\u00a0<\/strong><\/li>\n<li class=\"p1\"><strong>Materialul corpului: plastic cu strat rezistent la c\u0103ldur\u0103\u00a0<\/strong><\/li>\n<li class=\"p1\"><strong>Culoare: alb\u00a0<\/strong><\/li>\n<li class=\"p1\"><strong>Produc\u0103tor: XO<\/strong><\/li>\n<\/ul>","protected":false},"excerpt":{"rendered":"<p><em><strong>XO CF2 este un usc\u0103tor de p\u0103r puternic de 1600 W, cu temperatur\u0103 reglabil\u0103 \u0219i func\u021bie de jet de p\u0103r rece. Potrivit pentru coafarea \u0219i \u00eengrijirea zilnic\u0103 a p\u0103rului.<\/strong><\/em><\/p>","protected":false},"featured_media":10630,"template":"","meta":{"_acf_changed":false},"product_brand":[301],"product_cat":[245],"product_tag":[1250,1248,1247,1249],"class_list":{"0":"post-10628","1":"product","2":"type-product","3":"status-publish","4":"has-post-thumbnail","6":"product_brand-xo","7":"product_cat-everyday-accessories","8":"product_tag-1250","9":"product_tag-1248","10":"product_tag-1247","11":"product_tag-1249","13":"first","14":"instock","15":"sale","16":"taxable","17":"shipping-taxable","18":"purchasable","19":"product-type-simple","20":"add-to-wishlist-after_add_to_cart"},"acf":[],"jetpack_sharing_enabled":true,"_links":{"self":[{"href":"https:\/\/darvilais.md\/ro\/wp-json\/wp\/v2\/product\/10628","targetHints":{"allow":["GET"]}}],"collection":[{"href":"https:\/\/darvilais.md\/ro\/wp-json\/wp\/v2\/product"}],"about":[{"href":"https:\/\/darvilais.md\/ro\/wp-json\/wp\/v2\/types\/product"}],"wp:featuredmedia":[{"embeddable":true,"href":"https:\/\/darvilais.md\/ro\/wp-json\/wp\/v2\/media\/10630"}],"wp:attachment":[{"href":"https:\/\/darvilais.md\/ro\/wp-json\/wp\/v2\/media?parent=10628"}],"wp:term":[{"taxonomy":"product_brand","embeddable":true,"href":"https:\/\/darvilais.md\/ro\/wp-json\/wp\/v2\/product_brand?post=10628"},{"taxonomy":"product_cat","embeddable":true,"href":"https:\/\/darvilais.md\/ro\/wp-json\/wp\/v2\/product_cat?post=10628"},{"taxonomy":"product_tag","embeddable":true,"href":"https:\/\/darvilais.md\/ro\/wp-json\/wp\/v2\/product_tag?post=10628"}],"curies":[{"name":"wp","href":"https:\/\/api.w.org\/{rel}","templated":true}]}}